{"id":2650,"date":"2020-09-03T18:48:39","date_gmt":"2020-09-03T18:48:39","guid":{"rendered":"https:\/\/lantal.studio\/?page_id=2650"},"modified":"2020-12-11T08:01:30","modified_gmt":"2020-12-11T08:01:30","slug":"fooldal","status":"publish","type":"page","link":"https:\/\/lantal.studio\/hu\/","title":{"rendered":"F\u0150OLDAL"},"content":{"rendered":"<div class=\"wpb-content-wrapper\"><p>[vc_row][vc_column][vc_row_inner][vc_column_inner width=&#8221;1\/2&#8243;][vc_single_image image=&#8221;2171&#8243; img_size=&#8221;full&#8221; onclick=&#8221;custom_link&#8221; css_animation=&#8221;fadeIn&#8221; link=&#8221;https:\/\/lantal.studio\/hu\/lifestlye\/&#8221;][\/vc_column_inner][vc_column_inner width=&#8221;1\/2&#8243;][vc_single_image image=&#8221;2169&#8243; img_size=&#8221;full&#8221; alignment=&#8221;right&#8221; onclick=&#8221;custom_link&#8221; css_animation=&#8221;fadeIn&#8221; link=&#8221;https:\/\/lantal.studio\/hu\/buildingphotos\/&#8221;][vc_single_image image=&#8221;2912&#8243; img_size=&#8221;full&#8221; alignment=&#8221;right&#8221; onclick=&#8221;custom_link&#8221; css_animation=&#8221;fadeIn&#8221; link=&#8221;https:\/\/lantal.studio\/hu\/shop\/&#8221;][\/vc_column_inner][\/vc_row_inner][\/vc_column][\/vc_row][vc_row full_width=&#8221;stretch_row&#8221;][vc_column width=&#8221;2\/3&#8243; css=&#8221;.vc_custom_1607550845019{padding-bottom: 25px !important;background-color: #000000 !important;}&#8221; offset=&#8221;vc_hidden-md vc_hidden-sm vc_hidden-xs&#8221;][vc_column_text css=&#8221;.vc_custom_1607673710260{padding-bottom: 55px !important;background-color: #000000 !important;}&#8221;]<\/p>\n<h2><span style=\"color: #ffffff;\">my MINIMAL ART<\/span><\/h2>\n<p><span style=\"font-weight: 400; color: #ffffff;\">A sz\u00ednek \u00e9s form\u00e1k zaj\u00e1ban sokszor kellemes id\u0151t\u00f6lt\u00e9s\u00fcl szolg\u00e1l marasztalni a szem\u00fcnket egy egyszer\u0171, m\u00e9gis mag\u00e1val ragad\u00f3 r\u00e9szleten.<\/span><\/p>\n<p><span style=\"color: #999999; font-size: 13px;\"><a style=\"text-decoration: none !important; color: #999999;\" href=\"https:\/\/lantal.studio\/hu\/minimal\/\">gal\u00e9ria &gt;<\/a><\/span>[\/vc_column_text][\/vc_column][vc_column width=&#8221;1\/3&#8243; offset=&#8221;vc_hidden-md vc_hidden-sm vc_hidden-xs&#8221;][vc_single_image image=&#8221;2188&#8243; img_size=&#8221;full&#8221; alignment=&#8221;right&#8221; onclick=&#8221;custom_link&#8221; css_animation=&#8221;fadeIn&#8221; link=&#8221;https:\/\/lantal.studio\/hu\/minimal\/&#8221; css=&#8221;.vc_custom_1607673737815{padding-left: 100px !important;}&#8221;][\/vc_column][\/vc_row][vc_row][vc_column][vc_single_image image=&#8221;2917&#8243; img_size=&#8221;full&#8221; alignment=&#8221;center&#8221; onclick=&#8221;custom_link&#8221; css_animation=&#8221;fadeIn&#8221; link=&#8221;https:\/\/lantal.studio\/hu\/budapest\/&#8221;][\/vc_column][\/vc_row][vc_row][vc_column width=&#8221;1\/2&#8243;][vc_single_image image=&#8221;2177&#8243; img_size=&#8221;full&#8221; onclick=&#8221;custom_link&#8221; css_animation=&#8221;fadeIn&#8221; link=&#8221;https:\/\/lantal.studio\/hu\/beauty\/&#8221;][\/vc_column][vc_column width=&#8221;1\/2&#8243;][vc_single_image image=&#8221;2915&#8243; img_size=&#8221;full&#8221; onclick=&#8221;custom_link&#8221; css_animation=&#8221;fadeIn&#8221; link=&#8221;https:\/\/lantal.studio\/hu\/beauty\/&#8221;][\/vc_column][\/vc_row][vc_row][vc_column][vc_single_image image=&#8221;2160&#8243; img_size=&#8221;full&#8221; alignment=&#8221;center&#8221; onclick=&#8221;custom_link&#8221; img_link_target=&#8221;_blank&#8221; css_animation=&#8221;fadeIn&#8221; link=&#8221;https:\/\/lantart.gallery&#8221;][\/vc_column][\/vc_row]<\/p>\n<\/div>","protected":false},"excerpt":{"rendered":"<p>[vc_row][vc_column][vc_row_inner][vc_column_inner width=&#8221;1\/2&#8243;][vc_single_image image=&#8221;2171&#8243; img_size=&#8221;full&#8221; onclick=&#8221;custom_link&#8221; css_animation=&#8221;fadeIn&#8221; link=&#8221;https:\/\/lantal.studio\/hu\/lifestlye\/&#8221;][\/vc_column_inner][vc_column_inner width=&#8221;1\/2&#8243;][vc_single_image image=&#8221;2169&#8243; img_size=&#8221;full&#8221; alignment=&#8221;right&#8221; onclick=&#8221;custom_link&#8221; css_animation=&#8221;fadeIn&#8221; link=&#8221;https:\/\/lantal.studio\/hu\/buildingphotos\/&#8221;][vc_single_image image=&#8221;2912&#8243; img_size=&#8221;full&#8221; alignment=&#8221;right&#8221; onclick=&#8221;custom_link&#8221; css_animation=&#8221;fadeIn&#8221; link=&#8221;https:\/\/lantal.studio\/hu\/shop\/&#8221;][\/vc_column_inner][\/vc_row_inner][\/vc_column][\/vc_row][vc_row full_width=&#8221;stretch_row&#8221;][vc_column width=&#8221;2\/3&#8243; css=&#8221;.vc_custom_1607550845019{padding-bottom: 25px !important;background-color: #000000 !important;}&#8221; offset=&#8221;vc_hidden-md vc_hidden-sm vc_hidden-xs&#8221;][vc_column_text css=&#8221;.vc_custom_1607673710260{padding-bottom: 55px !important;background-color: #000000 !important;}&#8221;] my MINIMAL ART A sz\u00ednek \u00e9s form\u00e1k zaj\u00e1ban sokszor kellemes id\u0151t\u00f6lt\u00e9s\u00fcl szolg\u00e1l marasztalni a szem\u00fcnket egy egyszer\u0171, m\u00e9gis mag\u00e1val ragad\u00f3 [&hellip;]<\/p>\n","protected":false},"author":1,"featured_media":0,"parent":0,"menu_order":0,"comment_status":"closed","ping_status":"closed","template":"template-landing.php","meta":{"_acf_changed":false,"footnotes":""},"class_list":["post-2650","page","type-page","status-publish","hentry"],"acf":[],"_links":{"self":[{"href":"https:\/\/lantal.studio\/hu\/wp-json\/wp\/v2\/pages\/2650","targetHints":{"allow":["GET"]}}],"collection":[{"href":"https:\/\/lantal.studio\/hu\/wp-json\/wp\/v2\/pages"}],"about":[{"href":"https:\/\/lantal.studio\/hu\/wp-json\/wp\/v2\/types\/page"}],"author":[{"embeddable":true,"href":"https:\/\/lantal.studio\/hu\/wp-json\/wp\/v2\/users\/1"}],"replies":[{"embeddable":true,"href":"https:\/\/lantal.studio\/hu\/wp-json\/wp\/v2\/comments?post=2650"}],"version-history":[{"count":26,"href":"https:\/\/lantal.studio\/hu\/wp-json\/wp\/v2\/pages\/2650\/revisions"}],"predecessor-version":[{"id":3136,"href":"https:\/\/lantal.studio\/hu\/wp-json\/wp\/v2\/pages\/2650\/revisions\/3136"}],"wp:attachment":[{"href":"https:\/\/lantal.studio\/hu\/wp-json\/wp\/v2\/media?parent=2650"}],"curies":[{"name":"wp","href":"https:\/\/api.w.org\/{rel}","templated":true}]}}