{"id":2657,"date":"2020-09-03T18:54:28","date_gmt":"2020-09-03T18:54:28","guid":{"rendered":"https:\/\/lantal.studio\/?page_id=2657"},"modified":"2020-12-18T17:59:08","modified_gmt":"2020-12-18T17:59:08","slug":"lifestlye","status":"publish","type":"page","link":"https:\/\/lantal.studio\/hu\/lifestlye\/","title":{"rendered":"Lifestlye"},"content":{"rendered":"<div class=\"wpb-content-wrapper\"><p>[vc_row][vc_column][vc_column_text]<\/p>\n<h6>SZ\u00cdNES, SPONT\u00c1N L\u00c9GIES.<\/h6>\n<p>A lifestyle kateg\u00f3ria eg\u00e9szen a romantikus b\u00fazamez\u0151k\u00f6n \u00e1t a sz\u00ednes-szagos rekl\u00e1mfot\u00f3k vil\u00e1g\u00e1ig rep\u00edt minket. Mindig v\u00e1gyt\u00e1l egy es\u0151ben t\u00e1ncol\u00f3s fot\u00f3ra magadr\u00f3l, vagy jobb profilb\u00f3l, ahogy sz\u00e1guldasz egy cabri\u00f3val? Akkor ez a te topikod.[\/vc_column_text][\/vc_column][\/vc_row][vc_row][vc_column width=&#8221;1\/3&#8243; uniqid=&#8221;5f50e30d0df2b&#8221;]      <div class=\"project-grid-page\">\n        <div class=\"post-gallery-grid  id-69e39251d9df9 masonry portfolio_hover_type_1  isotope row popup-gallery\">\n                              \n            <div class=\"portfolio-item col-12 popup-item\" >\n              <div class=\"wrap\">\n                                  <div class=\"a-img\" data-original=\"https:\/\/lantal.studio\/wp-content\/uploads\/2020\/09\/1_1-2-scaled.jpg\"><img loading=\"lazy\" decoding=\"async\" width=\"682\" height=\"1024\" src=\"https:\/\/lantal.studio\/wp-content\/uploads\/2020\/09\/1_1-2-682x1024.jpg\" class=\"attachment-large size-large\" alt=\"\" \/><\/div>\n                                <a href=\"#\" data-popup-json=\"{&quot;image&quot;:{&quot;url&quot;:&quot;https:\\\/\\\/lantal.studio\\\/wp-content\\\/uploads\\\/2020\\\/09\\\/1_1-2-scaled.jpg&quot;,&quot;w&quot;:1706,&quot;h&quot;:2560},&quot;post_id&quot;:2532}\" data-id=\"0\"><\/a>\n              <\/div>\n            <\/div>\n                  <\/div>\n              <\/div>\n    [\/vc_column][vc_column width=&#8221;2\/3&#8243;]      <div class=\"project-grid-page\">\n        <div class=\"post-gallery-grid  id-69e39251da8e6 masonry portfolio_hover_type_1  isotope row popup-gallery\">\n                              \n            <div class=\"portfolio-item col-12 popup-item\" >\n              <div class=\"wrap\">\n                                  <div class=\"a-img\" data-original=\"https:\/\/lantal.studio\/wp-content\/uploads\/2020\/09\/1_2-1.jpg\"><img loading=\"lazy\" decoding=\"async\" width=\"1024\" height=\"683\" src=\"https:\/\/lantal.studio\/wp-content\/uploads\/2020\/09\/1_2-1-1024x683.jpg\" class=\"attachment-large size-large\" alt=\"\" \/><\/div>\n                                <a href=\"#\" data-popup-json=\"{&quot;image&quot;:{&quot;url&quot;:&quot;https:\\\/\\\/lantal.studio\\\/wp-content\\\/uploads\\\/2020\\\/09\\\/1_2-1.jpg&quot;,&quot;w&quot;:1920,&quot;h&quot;:1280},&quot;post_id&quot;:2534}\" data-id=\"0\"><\/a>\n              <\/div>\n            <\/div>\n                  <\/div>\n              <\/div>\n    [\/vc_column][\/vc_row][vc_row][vc_column]      <div class=\"project-grid-page\">\n        <div class=\"post-gallery-grid  id-69e39251daffe masonry portfolio_hover_type_1  isotope row popup-gallery\">\n                              \n            <div class=\"portfolio-item col-12 popup-item\" >\n              <div class=\"wrap\">\n                                  <div class=\"a-img\" data-original=\"https:\/\/lantal.studio\/wp-content\/uploads\/2020\/09\/2.jpg\"><img loading=\"lazy\" decoding=\"async\" width=\"1024\" height=\"658\" src=\"https:\/\/lantal.studio\/wp-content\/uploads\/2020\/09\/2-1024x658.jpg\" class=\"attachment-large size-large\" alt=\"\" \/><\/div>\n                                <a href=\"#\" data-popup-json=\"{&quot;image&quot;:{&quot;url&quot;:&quot;https:\\\/\\\/lantal.studio\\\/wp-content\\\/uploads\\\/2020\\\/09\\\/2.jpg&quot;,&quot;w&quot;:1920,&quot;h&quot;:1233},&quot;post_id&quot;:2536}\" data-id=\"0\"><\/a>\n              <\/div>\n            <\/div>\n                  <\/div>\n              <\/div>\n    [\/vc_column][\/vc_row][vc_row][vc_column width=&#8221;1\/2&#8243; uniqid=&#8221;5f50e5acfe981&#8243;]      <div class=\"project-grid-page\">\n        <div class=\"post-gallery-grid  id-69e39251db65b masonry portfolio_hover_type_1  isotope row popup-gallery\">\n                              \n            <div class=\"portfolio-item col-12 popup-item\" >\n              <div class=\"wrap\">\n                                  <div class=\"a-img\" data-original=\"https:\/\/lantal.studio\/wp-content\/uploads\/2020\/09\/3_1-1.jpg\"><img loading=\"lazy\" decoding=\"async\" width=\"1024\" height=\"511\" src=\"https:\/\/lantal.studio\/wp-content\/uploads\/2020\/09\/3_1-1-1024x511.jpg\" class=\"attachment-large size-large\" alt=\"\" \/><\/div>\n                                <a href=\"#\" data-popup-json=\"{&quot;image&quot;:{&quot;url&quot;:&quot;https:\\\/\\\/lantal.studio\\\/wp-content\\\/uploads\\\/2020\\\/09\\\/3_1-1.jpg&quot;,&quot;w&quot;:1920,&quot;h&quot;:959},&quot;post_id&quot;:2538}\" data-id=\"0\"><\/a>\n              <\/div>\n            <\/div>\n                  <\/div>\n              <\/div>\n    [\/vc_column][vc_column width=&#8221;1\/2&#8243;]      <div class=\"project-grid-page\">\n        <div class=\"post-gallery-grid  id-69e39251dbc9c masonry portfolio_hover_type_1  isotope row popup-gallery\">\n                              \n            <div class=\"portfolio-item col-12 popup-item\" >\n              <div class=\"wrap\">\n                                  <div class=\"a-img\" data-original=\"https:\/\/lantal.studio\/wp-content\/uploads\/2020\/09\/3_2-2.jpg\"><img loading=\"lazy\" decoding=\"async\" width=\"1024\" height=\"511\" src=\"https:\/\/lantal.studio\/wp-content\/uploads\/2020\/09\/3_2-2-1024x511.jpg\" class=\"attachment-large size-large\" alt=\"\" \/><\/div>\n                                <a href=\"#\" data-popup-json=\"{&quot;image&quot;:{&quot;url&quot;:&quot;https:\\\/\\\/lantal.studio\\\/wp-content\\\/uploads\\\/2020\\\/09\\\/3_2-2.jpg&quot;,&quot;w&quot;:1920,&quot;h&quot;:959},&quot;post_id&quot;:2540}\" data-id=\"0\"><\/a>\n              <\/div>\n            <\/div>\n                  <\/div>\n              <\/div>\n    [\/vc_column][\/vc_row][vc_row][vc_column width=&#8221;1\/3&#8243; uniqid=&#8221;5f50e5fdbabba&#8221;]      <div class=\"project-grid-page\">\n        <div class=\"post-gallery-grid  id-69e39251dc4b5 masonry portfolio_hover_type_1  isotope row popup-gallery\">\n                              \n            <div class=\"portfolio-item col-12 popup-item\" >\n              <div class=\"wrap\">\n                                  <div class=\"a-img\" data-original=\"https:\/\/lantal.studio\/wp-content\/uploads\/2020\/09\/4_1-1-scaled.jpg\"><img loading=\"lazy\" decoding=\"async\" width=\"683\" height=\"1024\" src=\"https:\/\/lantal.studio\/wp-content\/uploads\/2020\/09\/4_1-1-683x1024.jpg\" class=\"attachment-large size-large\" alt=\"\" \/><\/div>\n                                <a href=\"#\" data-popup-json=\"{&quot;image&quot;:{&quot;url&quot;:&quot;https:\\\/\\\/lantal.studio\\\/wp-content\\\/uploads\\\/2020\\\/09\\\/4_1-1-scaled.jpg&quot;,&quot;w&quot;:1707,&quot;h&quot;:2560},&quot;post_id&quot;:2542}\" data-id=\"0\"><\/a>\n              <\/div>\n            <\/div>\n                  <\/div>\n              <\/div>\n    [\/vc_column][vc_column width=&#8221;2\/3&#8243;]      <div class=\"project-grid-page\">\n        <div class=\"post-gallery-grid  id-69e39251dcc5e masonry portfolio_hover_type_1  isotope row popup-gallery\">\n                              \n            <div class=\"portfolio-item col-12 popup-item\" >\n              <div class=\"wrap\">\n                                  <div class=\"a-img\" data-original=\"https:\/\/lantal.studio\/wp-content\/uploads\/2020\/09\/4_2-1.jpg\"><img loading=\"lazy\" decoding=\"async\" width=\"1024\" height=\"683\" src=\"https:\/\/lantal.studio\/wp-content\/uploads\/2020\/09\/4_2-1-1024x683.jpg\" class=\"attachment-large size-large\" alt=\"\" \/><\/div>\n                                <a href=\"#\" data-popup-json=\"{&quot;image&quot;:{&quot;url&quot;:&quot;https:\\\/\\\/lantal.studio\\\/wp-content\\\/uploads\\\/2020\\\/09\\\/4_2-1.jpg&quot;,&quot;w&quot;:1920,&quot;h&quot;:1280},&quot;post_id&quot;:2544}\" data-id=\"0\"><\/a>\n              <\/div>\n            <\/div>\n                  <\/div>\n              <\/div>\n    [\/vc_column][\/vc_row][vc_row][vc_column width=&#8221;1\/2&#8243; uniqid=&#8221;5f50e67d13c6a&#8221;]      <div class=\"project-grid-page\">\n        <div class=\"post-gallery-grid  id-69e39251dd2c2 masonry portfolio_hover_type_1  isotope row popup-gallery\">\n                              \n            <div class=\"portfolio-item col-12 popup-item\" >\n              <div class=\"wrap\">\n                                  <div class=\"a-img\" data-original=\"https:\/\/lantal.studio\/wp-content\/uploads\/2020\/09\/5_1-2-scaled.jpg\"><img loading=\"lazy\" decoding=\"async\" width=\"683\" height=\"1024\" src=\"https:\/\/lantal.studio\/wp-content\/uploads\/2020\/09\/5_1-2-683x1024.jpg\" class=\"attachment-large size-large\" alt=\"\" \/><\/div>\n                                <a href=\"#\" data-popup-json=\"{&quot;image&quot;:{&quot;url&quot;:&quot;https:\\\/\\\/lantal.studio\\\/wp-content\\\/uploads\\\/2020\\\/09\\\/5_1-2-scaled.jpg&quot;,&quot;w&quot;:1707,&quot;h&quot;:2560},&quot;post_id&quot;:2546}\" data-id=\"0\"><\/a>\n              <\/div>\n            <\/div>\n                  <\/div>\n              <\/div>\n    [\/vc_column][vc_column width=&#8221;1\/2&#8243;]      <div class=\"project-grid-page\">\n        <div class=\"post-gallery-grid  id-69e39251dd9a8 masonry portfolio_hover_type_1  isotope row popup-gallery\">\n                              \n            <div class=\"portfolio-item col-12 popup-item\" >\n              <div class=\"wrap\">\n                                  <div class=\"a-img\" data-original=\"https:\/\/lantal.studio\/wp-content\/uploads\/2020\/09\/5_2-2-scaled.jpg\"><img loading=\"lazy\" decoding=\"async\" width=\"683\" height=\"1024\" src=\"https:\/\/lantal.studio\/wp-content\/uploads\/2020\/09\/5_2-2-683x1024.jpg\" class=\"attachment-large size-large\" alt=\"\" \/><\/div>\n                                <a href=\"#\" data-popup-json=\"{&quot;image&quot;:{&quot;url&quot;:&quot;https:\\\/\\\/lantal.studio\\\/wp-content\\\/uploads\\\/2020\\\/09\\\/5_2-2-scaled.jpg&quot;,&quot;w&quot;:1707,&quot;h&quot;:2560},&quot;post_id&quot;:2548}\" data-id=\"0\"><\/a>\n              <\/div>\n            <\/div>\n                  <\/div>\n              <\/div>\n    [\/vc_column][\/vc_row][vc_row][vc_column width=&#8221;1\/3&#8243; uniqid=&#8221;5f50e6e037138&#8243;]      <div class=\"project-grid-page\">\n        <div class=\"post-gallery-grid  id-69e39251de093 masonry portfolio_hover_type_1  isotope row popup-gallery\">\n                              \n            <div class=\"portfolio-item col-12 popup-item\" >\n              <div class=\"wrap\">\n                                  <div class=\"a-img\" data-original=\"https:\/\/lantal.studio\/wp-content\/uploads\/2020\/09\/6_1-1-scaled.jpg\"><img loading=\"lazy\" decoding=\"async\" width=\"683\" height=\"1024\" src=\"https:\/\/lantal.studio\/wp-content\/uploads\/2020\/09\/6_1-1-683x1024.jpg\" class=\"attachment-large size-large\" alt=\"\" \/><\/div>\n                                <a href=\"#\" data-popup-json=\"{&quot;image&quot;:{&quot;url&quot;:&quot;https:\\\/\\\/lantal.studio\\\/wp-content\\\/uploads\\\/2020\\\/09\\\/6_1-1-scaled.jpg&quot;,&quot;w&quot;:1707,&quot;h&quot;:2560},&quot;post_id&quot;:2550}\" data-id=\"0\"><\/a>\n              <\/div>\n            <\/div>\n                  <\/div>\n              <\/div>\n    [\/vc_column][vc_column width=&#8221;2\/3&#8243;]      <div class=\"project-grid-page\">\n        <div class=\"post-gallery-grid  id-69e39251de7ed masonry portfolio_hover_type_1  isotope row popup-gallery\">\n                              \n            <div class=\"portfolio-item col-12 popup-item\" >\n              <div class=\"wrap\">\n                                  <div class=\"a-img\" data-original=\"https:\/\/lantal.studio\/wp-content\/uploads\/2020\/09\/6_2-1.jpg\"><img loading=\"lazy\" decoding=\"async\" width=\"1024\" height=\"683\" src=\"https:\/\/lantal.studio\/wp-content\/uploads\/2020\/09\/6_2-1-1024x683.jpg\" class=\"attachment-large size-large\" alt=\"\" \/><\/div>\n                                <a href=\"#\" data-popup-json=\"{&quot;image&quot;:{&quot;url&quot;:&quot;https:\\\/\\\/lantal.studio\\\/wp-content\\\/uploads\\\/2020\\\/09\\\/6_2-1.jpg&quot;,&quot;w&quot;:1920,&quot;h&quot;:1280},&quot;post_id&quot;:2552}\" data-id=\"0\"><\/a>\n              <\/div>\n            <\/div>\n                  <\/div>\n              <\/div>\n    [\/vc_column][\/vc_row][vc_row][vc_column width=&#8221;1\/4&#8243; uniqid=&#8221;5f50e744c4154&#8243;]      <div class=\"project-grid-page\">\n        <div class=\"post-gallery-grid  id-69e39251deeab masonry portfolio_hover_type_1  isotope row popup-gallery\">\n                              \n            <div class=\"portfolio-item col-12 popup-item\" >\n              <div class=\"wrap\">\n                                  <div class=\"a-img\" data-original=\"https:\/\/lantal.studio\/wp-content\/uploads\/2020\/09\/7_1-1-scaled.jpg\"><img loading=\"lazy\" decoding=\"async\" width=\"730\" height=\"1024\" src=\"https:\/\/lantal.studio\/wp-content\/uploads\/2020\/09\/7_1-1-730x1024.jpg\" class=\"attachment-large size-large\" alt=\"\" \/><\/div>\n                                <a href=\"#\" data-popup-json=\"{&quot;image&quot;:{&quot;url&quot;:&quot;https:\\\/\\\/lantal.studio\\\/wp-content\\\/uploads\\\/2020\\\/09\\\/7_1-1-scaled.jpg&quot;,&quot;w&quot;:1826,&quot;h&quot;:2560},&quot;post_id&quot;:2554}\" data-id=\"0\"><\/a>\n              <\/div>\n            <\/div>\n                  <\/div>\n              <\/div>\n    [\/vc_column][vc_column width=&#8221;3\/4&#8243;]      <div class=\"project-grid-page\">\n        <div class=\"post-gallery-grid  id-69e39251df59e masonry portfolio_hover_type_1  isotope row popup-gallery\">\n                              \n            <div class=\"portfolio-item col-12 popup-item\" >\n              <div class=\"wrap\">\n                                  <div class=\"a-img\" data-original=\"https:\/\/lantal.studio\/wp-content\/uploads\/2020\/09\/7_2-1.jpg\"><img loading=\"lazy\" decoding=\"async\" width=\"1024\" height=\"512\" src=\"https:\/\/lantal.studio\/wp-content\/uploads\/2020\/09\/7_2-1-1024x512.jpg\" class=\"attachment-large size-large\" alt=\"\" \/><\/div>\n                                <a href=\"#\" data-popup-json=\"{&quot;image&quot;:{&quot;url&quot;:&quot;https:\\\/\\\/lantal.studio\\\/wp-content\\\/uploads\\\/2020\\\/09\\\/7_2-1.jpg&quot;,&quot;w&quot;:1920,&quot;h&quot;:960},&quot;post_id&quot;:2556}\" data-id=\"0\"><\/a>\n              <\/div>\n            <\/div>\n                  <\/div>\n              <\/div>\n    [\/vc_column][\/vc_row][vc_row][vc_column width=&#8221;2\/3&#8243; uniqid=&#8221;5f50e7ec8af96&#8243;]      <div class=\"project-grid-page\">\n        <div class=\"post-gallery-grid  id-69e39251dfc01 masonry portfolio_hover_type_1  isotope row popup-gallery\">\n                              \n            <div class=\"portfolio-item col-12 popup-item\" >\n              <div class=\"wrap\">\n                                  <div class=\"a-img\" data-original=\"https:\/\/lantal.studio\/wp-content\/uploads\/2020\/09\/8_1-1-scaled.jpg\"><img loading=\"lazy\" decoding=\"async\" width=\"728\" height=\"1024\" src=\"https:\/\/lantal.studio\/wp-content\/uploads\/2020\/09\/8_1-1-728x1024.jpg\" class=\"attachment-large size-large\" alt=\"\" \/><\/div>\n                                <a href=\"#\" data-popup-json=\"{&quot;image&quot;:{&quot;url&quot;:&quot;https:\\\/\\\/lantal.studio\\\/wp-content\\\/uploads\\\/2020\\\/09\\\/8_1-1-scaled.jpg&quot;,&quot;w&quot;:1820,&quot;h&quot;:2560},&quot;post_id&quot;:2558}\" data-id=\"0\"><\/a>\n              <\/div>\n            <\/div>\n                  <\/div>\n              <\/div>\n    [\/vc_column][vc_column width=&#8221;1\/3&#8243; uniqid=&#8221;5f50e8f0c9836&#8243;]      <div class=\"project-grid-page\">\n        <div class=\"post-gallery-grid  id-69e39251e0349 masonry portfolio_hover_type_1  isotope row popup-gallery\">\n                              \n            <div class=\"portfolio-item col-12 popup-item\" >\n              <div class=\"wrap\">\n                                  <div class=\"a-img\" data-original=\"https:\/\/lantal.studio\/wp-content\/uploads\/2020\/09\/8_2-1-scaled.jpg\"><img loading=\"lazy\" decoding=\"async\" width=\"397\" height=\"1024\" src=\"https:\/\/lantal.studio\/wp-content\/uploads\/2020\/09\/8_2-1-397x1024.jpg\" class=\"attachment-large size-large\" alt=\"\" \/><\/div>\n                                <a href=\"#\" data-popup-json=\"{&quot;image&quot;:{&quot;url&quot;:&quot;https:\\\/\\\/lantal.studio\\\/wp-content\\\/uploads\\\/2020\\\/09\\\/8_2-1-scaled.jpg&quot;,&quot;w&quot;:993,&quot;h&quot;:2560},&quot;post_id&quot;:2562}\" data-id=\"0\"><\/a>\n              <\/div>\n            <\/div>\n                  <\/div>\n              <\/div>\n    [\/vc_column][\/vc_row][vc_row][vc_column width=&#8221;1\/3&#8243; uniqid=&#8221;5f50e928102f4&#8243;]      <div class=\"project-grid-page\">\n        <div class=\"post-gallery-grid  id-69e39251e0a76 masonry portfolio_hover_type_1  isotope row popup-gallery\">\n                              \n            <div class=\"portfolio-item col-12 popup-item\" >\n              <div class=\"wrap\">\n                                  <div class=\"a-img\" data-original=\"https:\/\/lantal.studio\/wp-content\/uploads\/2020\/09\/9_1-1-scaled.jpg\"><img loading=\"lazy\" decoding=\"async\" width=\"682\" height=\"1024\" src=\"https:\/\/lantal.studio\/wp-content\/uploads\/2020\/09\/9_1-1-682x1024.jpg\" class=\"attachment-large size-large\" alt=\"\" \/><\/div>\n                                <a href=\"#\" data-popup-json=\"{&quot;image&quot;:{&quot;url&quot;:&quot;https:\\\/\\\/lantal.studio\\\/wp-content\\\/uploads\\\/2020\\\/09\\\/9_1-1-scaled.jpg&quot;,&quot;w&quot;:1706,&quot;h&quot;:2560},&quot;post_id&quot;:2564}\" data-id=\"0\"><\/a>\n              <\/div>\n            <\/div>\n                  <\/div>\n              <\/div>\n    [\/vc_column][vc_column width=&#8221;2\/3&#8243;]      <div class=\"project-grid-page\">\n        <div class=\"post-gallery-grid  id-69e39251e1242 masonry portfolio_hover_type_1  isotope row popup-gallery\">\n                              \n            <div class=\"portfolio-item col-12 popup-item\" >\n              <div class=\"wrap\">\n                                  <div class=\"a-img\" data-original=\"https:\/\/lantal.studio\/wp-content\/uploads\/2020\/09\/9_2-1.jpg\"><img loading=\"lazy\" decoding=\"async\" width=\"1024\" height=\"683\" src=\"https:\/\/lantal.studio\/wp-content\/uploads\/2020\/09\/9_2-1-1024x683.jpg\" class=\"attachment-large size-large\" alt=\"\" \/><\/div>\n                                <a href=\"#\" data-popup-json=\"{&quot;image&quot;:{&quot;url&quot;:&quot;https:\\\/\\\/lantal.studio\\\/wp-content\\\/uploads\\\/2020\\\/09\\\/9_2-1.jpg&quot;,&quot;w&quot;:1920,&quot;h&quot;:1281},&quot;post_id&quot;:2566}\" data-id=\"0\"><\/a>\n              <\/div>\n            <\/div>\n                  <\/div>\n              <\/div>\n    [\/vc_column][\/vc_row]<\/p>\n<\/div>","protected":false},"excerpt":{"rendered":"<p>[vc_row][vc_column][vc_column_text] SZ\u00cdNES, SPONT\u00c1N L\u00c9GIES. A lifestyle kateg\u00f3ria eg\u00e9szen a romantikus b\u00fazamez\u0151k\u00f6n \u00e1t a sz\u00ednes-szagos rekl\u00e1mfot\u00f3k vil\u00e1g\u00e1ig rep\u00edt minket. Mindig v\u00e1gyt\u00e1l egy es\u0151ben t\u00e1ncol\u00f3s fot\u00f3ra magadr\u00f3l, vagy jobb profilb\u00f3l, ahogy sz\u00e1guldasz egy cabri\u00f3val? Akkor ez a te topikod.[\/vc_column_text][\/vc_column][\/vc_row][vc_row][vc_column width=&#8221;1\/3&#8243; uniqid=&#8221;5f50e30d0df2b&#8221;][\/vc_column][vc_column width=&#8221;2\/3&#8243;][\/vc_column][\/vc_row][vc_row][vc_column][\/vc_column][\/vc_row][vc_row][vc_column width=&#8221;1\/2&#8243; uniqid=&#8221;5f50e5acfe981&#8243;][\/vc_column][vc_column width=&#8221;1\/2&#8243;][\/vc_column][\/vc_row][vc_row][vc_column width=&#8221;1\/3&#8243; uniqid=&#8221;5f50e5fdbabba&#8221;][\/vc_column][vc_column width=&#8221;2\/3&#8243;][\/vc_column][\/vc_row][vc_row][vc_column width=&#8221;1\/2&#8243; uniqid=&#8221;5f50e67d13c6a&#8221;][\/vc_column][vc_column width=&#8221;1\/2&#8243;][\/vc_column][\/vc_row][vc_row][vc_column width=&#8221;1\/3&#8243; uniqid=&#8221;5f50e6e037138&#8243;][\/vc_column][vc_column width=&#8221;2\/3&#8243;][\/vc_column][\/vc_row][vc_row][vc_column width=&#8221;1\/4&#8243; uniqid=&#8221;5f50e744c4154&#8243;][\/vc_column][vc_column width=&#8221;3\/4&#8243;][\/vc_column][\/vc_row][vc_row][vc_column [&hellip;]<\/p>\n","protected":false},"author":1,"featured_media":0,"parent":0,"menu_order":0,"comment_status":"closed","ping_status":"closed","template":"","meta":{"_acf_changed":false,"footnotes":""},"class_list":["post-2657","page","type-page","status-publish","hentry"],"acf":[],"_links":{"self":[{"href":"https:\/\/lantal.studio\/hu\/wp-json\/wp\/v2\/pages\/2657","targetHints":{"allow":["GET"]}}],"collection":[{"href":"https:\/\/lantal.studio\/hu\/wp-json\/wp\/v2\/pages"}],"about":[{"href":"https:\/\/lantal.studio\/hu\/wp-json\/wp\/v2\/types\/page"}],"author":[{"embeddable":true,"href":"https:\/\/lantal.studio\/hu\/wp-json\/wp\/v2\/users\/1"}],"replies":[{"embeddable":true,"href":"https:\/\/lantal.studio\/hu\/wp-json\/wp\/v2\/comments?post=2657"}],"version-history":[{"count":3,"href":"https:\/\/lantal.studio\/hu\/wp-json\/wp\/v2\/pages\/2657\/revisions"}],"predecessor-version":[{"id":3214,"href":"https:\/\/lantal.studio\/hu\/wp-json\/wp\/v2\/pages\/2657\/revisions\/3214"}],"wp:attachment":[{"href":"https:\/\/lantal.studio\/hu\/wp-json\/wp\/v2\/media?parent=2657"}],"curies":[{"name":"wp","href":"https:\/\/api.w.org\/{rel}","templated":true}]}}