{"id":2660,"date":"2020-09-03T18:56:16","date_gmt":"2020-09-03T18:56:16","guid":{"rendered":"https:\/\/lantal.studio\/?page_id=2660"},"modified":"2020-12-18T17:57:56","modified_gmt":"2020-12-18T17:57:56","slug":"minimal","status":"publish","type":"page","link":"https:\/\/lantal.studio\/hu\/minimal\/","title":{"rendered":"MINIMAL"},"content":{"rendered":"<div class=\"wpb-content-wrapper\"><p>[vc_row][vc_column][vc_column_text]<\/p>\n<h6>A PIHENTET\u0150 HOMOGENIT\u00c1S<\/h6>\n<p><span style=\"font-weight: 400;\">A sz\u00ednek \u00e9s form\u00e1k zaj\u00e1ban sokszor kellemes id\u0151t\u00f6lt\u00e9s\u00fcl szolg\u00e1l marasztalni a szem\u00fcnket egy egyszer\u0171, m\u00e9gis mag\u00e1val ragad\u00f3 r\u00e9szleten. A minim\u00e1l st\u00edlus\u00fa k\u00e9pek id\u0151tlens\u00e9g\u00fck ok\u00e1n kiv\u00e1l\u00f3an alkalmasak arra, hogy mindennapjaink r\u00e9sz\u00e9v\u00e9 v\u00e1ljanak \u00e9letter\u00fcnkben. Ez inspir\u00e1lta, hogy az al\u00e1bbi alkot\u00e1sok v\u00e1logat\u00e1sai mindenki sz\u00e1m\u00e1ra el\u00e9rhet\u0151ek legyenek <\/span><i><span style=\"font-weight: 400;\">itt<\/span><\/i><span style=\"font-weight: 400;\"> &gt;<\/span>[\/vc_column_text]      <div class=\"project-grid-page\">\n        <div class=\"post-gallery-grid  id-69e3aa037f102 masonry portfolio_hover_type_1  wpb_animate_when_almost_visible wpb_flash flash isotope row popup-gallery\">\n                              \n            <div class=\"portfolio-item col-12 col-sm-6 col-md-6 popup-item\" >\n              <div class=\"wrap\">\n                                  <div class=\"a-img\" data-original=\"https:\/\/lantal.studio\/wp-content\/uploads\/2020\/09\/1_1-4.jpg\"><img loading=\"lazy\" decoding=\"async\" width=\"1024\" height=\"1024\" src=\"https:\/\/lantal.studio\/wp-content\/uploads\/2020\/09\/1_1-4-1024x1024.jpg\" class=\"attachment-large size-large\" alt=\"\" \/><\/div>\n                                <a href=\"#\" data-popup-json=\"{&quot;image&quot;:{&quot;url&quot;:&quot;https:\\\/\\\/lantal.studio\\\/wp-content\\\/uploads\\\/2020\\\/09\\\/1_1-4.jpg&quot;,&quot;w&quot;:1920,&quot;h&quot;:1919},&quot;post_id&quot;:2723}\" data-id=\"0\"><\/a>\n              <\/div>\n            <\/div>\n                              \n            <div class=\"portfolio-item col-12 col-sm-6 col-md-6 popup-item\" >\n              <div class=\"wrap\">\n                                  <div class=\"a-img\" data-original=\"https:\/\/lantal.studio\/wp-content\/uploads\/2020\/09\/1_2-3.jpg\"><img loading=\"lazy\" decoding=\"async\" width=\"768\" height=\"1024\" src=\"https:\/\/lantal.studio\/wp-content\/uploads\/2020\/09\/1_2-3-768x1024.jpg\" class=\"attachment-large size-large\" alt=\"\" \/><\/div>\n                                <a href=\"#\" data-popup-json=\"{&quot;image&quot;:{&quot;url&quot;:&quot;https:\\\/\\\/lantal.studio\\\/wp-content\\\/uploads\\\/2020\\\/09\\\/1_2-3.jpg&quot;,&quot;w&quot;:1920,&quot;h&quot;:2560},&quot;post_id&quot;:2721}\" data-id=\"1\"><\/a>\n              <\/div>\n            <\/div>\n                  <\/div>\n              <\/div>\n          <div class=\"project-grid-page\">\n        <div class=\"post-gallery-grid  id-69e3aa0380023 masonry portfolio_hover_type_1  wpb_animate_when_almost_visible wpb_flash flash isotope row popup-gallery\">\n                              \n            <div class=\"portfolio-item col-12 popup-item\" >\n              <div class=\"wrap\">\n                                  <div class=\"a-img\" data-original=\"https:\/\/lantal.studio\/wp-content\/uploads\/2020\/12\/DSF0053-5_2500.jpg\"><img loading=\"lazy\" decoding=\"async\" width=\"1024\" height=\"768\" src=\"https:\/\/lantal.studio\/wp-content\/uploads\/2020\/12\/DSF0053-5_2500-1024x768.jpg\" class=\"attachment-large size-large\" alt=\"\" \/><\/div>\n                                <a href=\"#\" data-popup-json=\"{&quot;image&quot;:{&quot;url&quot;:&quot;https:\\\/\\\/lantal.studio\\\/wp-content\\\/uploads\\\/2020\\\/12\\\/DSF0053-5_2500.jpg&quot;,&quot;w&quot;:2500,&quot;h&quot;:1875},&quot;post_id&quot;:3209}\" data-id=\"0\"><\/a>\n              <\/div>\n            <\/div>\n                  <\/div>\n              <\/div>\n          <div class=\"project-grid-page\">\n        <div class=\"post-gallery-grid  id-69e3aa03871a9 masonry portfolio_hover_type_1  wpb_animate_when_almost_visible wpb_flash flash isotope row popup-gallery\">\n                              \n            <div class=\"portfolio-item col-12 col-sm-6 col-md-6 popup-item\" >\n              <div class=\"wrap\">\n                                  <div class=\"a-img\" data-original=\"https:\/\/lantal.studio\/wp-content\/uploads\/2020\/09\/2_1-4.jpg\"><img loading=\"lazy\" decoding=\"async\" width=\"1024\" height=\"795\" src=\"https:\/\/lantal.studio\/wp-content\/uploads\/2020\/09\/2_1-4-1024x795.jpg\" class=\"attachment-large size-large\" alt=\"\" \/><\/div>\n                                <a href=\"#\" data-popup-json=\"{&quot;image&quot;:{&quot;url&quot;:&quot;https:\\\/\\\/lantal.studio\\\/wp-content\\\/uploads\\\/2020\\\/09\\\/2_1-4.jpg&quot;,&quot;w&quot;:1920,&quot;h&quot;:1491},&quot;post_id&quot;:2728}\" data-id=\"0\"><\/a>\n              <\/div>\n            <\/div>\n                              \n            <div class=\"portfolio-item col-12 col-sm-6 col-md-6 popup-item\" >\n              <div class=\"wrap\">\n                                  <div class=\"a-img\" data-original=\"https:\/\/lantal.studio\/wp-content\/uploads\/2020\/09\/2_2-3.jpg\"><img loading=\"lazy\" decoding=\"async\" width=\"1024\" height=\"1024\" src=\"https:\/\/lantal.studio\/wp-content\/uploads\/2020\/09\/2_2-3-1024x1024.jpg\" class=\"attachment-large size-large\" alt=\"\" \/><\/div>\n                                <a href=\"#\" data-popup-json=\"{&quot;image&quot;:{&quot;url&quot;:&quot;https:\\\/\\\/lantal.studio\\\/wp-content\\\/uploads\\\/2020\\\/09\\\/2_2-3.jpg&quot;,&quot;w&quot;:1920,&quot;h&quot;:1918},&quot;post_id&quot;:2730}\" data-id=\"1\"><\/a>\n              <\/div>\n            <\/div>\n                  <\/div>\n              <\/div>\n          <div class=\"project-grid-page\">\n        <div class=\"post-gallery-grid  id-69e3aa0387d18 masonry portfolio_hover_type_1  wpb_animate_when_almost_visible wpb_flash flash isotope row popup-gallery\">\n                              \n            <div class=\"portfolio-item col-12 popup-item\" >\n              <div class=\"wrap\">\n                                  <div class=\"a-img\" data-original=\"https:\/\/lantal.studio\/wp-content\/uploads\/2020\/09\/3-1.jpg\"><img loading=\"lazy\" decoding=\"async\" width=\"1024\" height=\"514\" src=\"https:\/\/lantal.studio\/wp-content\/uploads\/2020\/09\/3-1-1024x514.jpg\" class=\"attachment-large size-large\" alt=\"\" \/><\/div>\n                                <a href=\"#\" data-popup-json=\"{&quot;image&quot;:{&quot;url&quot;:&quot;https:\\\/\\\/lantal.studio\\\/wp-content\\\/uploads\\\/2020\\\/09\\\/3-1.jpg&quot;,&quot;w&quot;:1920,&quot;h&quot;:964},&quot;post_id&quot;:2732}\" data-id=\"0\"><\/a>\n              <\/div>\n            <\/div>\n                  <\/div>\n              <\/div>\n          <div class=\"project-grid-page\">\n        <div class=\"post-gallery-grid  id-69e3aa0388416 masonry portfolio_hover_type_1  wpb_animate_when_almost_visible wpb_flash flash isotope row popup-gallery\">\n                              \n            <div class=\"portfolio-item col-12 col-sm-6 col-md-6 popup-item\" >\n              <div class=\"wrap\">\n                                  <div class=\"a-img\" data-original=\"https:\/\/lantal.studio\/wp-content\/uploads\/2020\/09\/4_2-3.jpg\"><img loading=\"lazy\" decoding=\"async\" width=\"1024\" height=\"521\" src=\"https:\/\/lantal.studio\/wp-content\/uploads\/2020\/09\/4_2-3-1024x521.jpg\" class=\"attachment-large size-large\" alt=\"\" \/><\/div>\n                                <a href=\"#\" data-popup-json=\"{&quot;image&quot;:{&quot;url&quot;:&quot;https:\\\/\\\/lantal.studio\\\/wp-content\\\/uploads\\\/2020\\\/09\\\/4_2-3.jpg&quot;,&quot;w&quot;:1920,&quot;h&quot;:977},&quot;post_id&quot;:2734}\" data-id=\"0\"><\/a>\n              <\/div>\n            <\/div>\n                              \n            <div class=\"portfolio-item col-12 col-sm-6 col-md-6 popup-item\" >\n              <div class=\"wrap\">\n                                  <div class=\"a-img\" data-original=\"https:\/\/lantal.studio\/wp-content\/uploads\/2020\/09\/4_1-3.jpg\"><img loading=\"lazy\" decoding=\"async\" width=\"1024\" height=\"1022\" src=\"https:\/\/lantal.studio\/wp-content\/uploads\/2020\/09\/4_1-3-1024x1022.jpg\" class=\"attachment-large size-large\" alt=\"\" \/><\/div>\n                                <a href=\"#\" data-popup-json=\"{&quot;image&quot;:{&quot;url&quot;:&quot;https:\\\/\\\/lantal.studio\\\/wp-content\\\/uploads\\\/2020\\\/09\\\/4_1-3.jpg&quot;,&quot;w&quot;:1920,&quot;h&quot;:1917},&quot;post_id&quot;:2736}\" data-id=\"1\"><\/a>\n              <\/div>\n            <\/div>\n                  <\/div>\n              <\/div>\n          <div class=\"project-grid-page\">\n        <div class=\"post-gallery-grid  id-69e3aa0388fbc masonry portfolio_hover_type_1  wpb_animate_when_almost_visible wpb_flash flash isotope row popup-gallery\">\n                              \n            <div class=\"portfolio-item col-12 col-sm-6 col-md-6 popup-item\" >\n              <div class=\"wrap\">\n                                  <div class=\"a-img\" data-original=\"https:\/\/lantal.studio\/wp-content\/uploads\/2020\/09\/5_1-4-scaled.jpg\"><img loading=\"lazy\" decoding=\"async\" width=\"764\" height=\"1024\" src=\"https:\/\/lantal.studio\/wp-content\/uploads\/2020\/09\/5_1-4-764x1024.jpg\" class=\"attachment-large size-large\" alt=\"\" \/><\/div>\n                                <a href=\"#\" data-popup-json=\"{&quot;image&quot;:{&quot;url&quot;:&quot;https:\\\/\\\/lantal.studio\\\/wp-content\\\/uploads\\\/2020\\\/09\\\/5_1-4-scaled.jpg&quot;,&quot;w&quot;:1910,&quot;h&quot;:2560},&quot;post_id&quot;:2738}\" data-id=\"0\"><\/a>\n              <\/div>\n            <\/div>\n                              \n            <div class=\"portfolio-item col-12 col-sm-6 col-md-6 popup-item\" >\n              <div class=\"wrap\">\n                                  <div class=\"a-img\" data-original=\"https:\/\/lantal.studio\/wp-content\/uploads\/2020\/09\/5_2-4.jpg\"><img loading=\"lazy\" decoding=\"async\" width=\"803\" height=\"1024\" src=\"https:\/\/lantal.studio\/wp-content\/uploads\/2020\/09\/5_2-4-803x1024.jpg\" class=\"attachment-large size-large\" alt=\"\" \/><\/div>\n                                <a href=\"#\" data-popup-json=\"{&quot;image&quot;:{&quot;url&quot;:&quot;https:\\\/\\\/lantal.studio\\\/wp-content\\\/uploads\\\/2020\\\/09\\\/5_2-4.jpg&quot;,&quot;w&quot;:1920,&quot;h&quot;:2448},&quot;post_id&quot;:2740}\" data-id=\"1\"><\/a>\n              <\/div>\n            <\/div>\n                              \n            <div class=\"portfolio-item col-12 col-sm-6 col-md-6 popup-item\" >\n              <div class=\"wrap\">\n                                  <div class=\"a-img\" data-original=\"https:\/\/lantal.studio\/wp-content\/uploads\/2020\/09\/6_1-3.jpg\"><img loading=\"lazy\" decoding=\"async\" width=\"1024\" height=\"617\" src=\"https:\/\/lantal.studio\/wp-content\/uploads\/2020\/09\/6_1-3-1024x617.jpg\" class=\"attachment-large size-large\" alt=\"\" \/><\/div>\n                                <a href=\"#\" data-popup-json=\"{&quot;image&quot;:{&quot;url&quot;:&quot;https:\\\/\\\/lantal.studio\\\/wp-content\\\/uploads\\\/2020\\\/09\\\/6_1-3.jpg&quot;,&quot;w&quot;:1920,&quot;h&quot;:1157},&quot;post_id&quot;:2742}\" data-id=\"2\"><\/a>\n              <\/div>\n            <\/div>\n                              \n            <div class=\"portfolio-item col-12 col-sm-6 col-md-6 popup-item\" >\n              <div class=\"wrap\">\n                                  <div class=\"a-img\" data-original=\"https:\/\/lantal.studio\/wp-content\/uploads\/2020\/09\/6_2-3.jpg\"><img loading=\"lazy\" decoding=\"async\" width=\"769\" height=\"1024\" src=\"https:\/\/lantal.studio\/wp-content\/uploads\/2020\/09\/6_2-3-769x1024.jpg\" class=\"attachment-large size-large\" alt=\"\" \/><\/div>\n                                <a href=\"#\" data-popup-json=\"{&quot;image&quot;:{&quot;url&quot;:&quot;https:\\\/\\\/lantal.studio\\\/wp-content\\\/uploads\\\/2020\\\/09\\\/6_2-3.jpg&quot;,&quot;w&quot;:1920,&quot;h&quot;:2558},&quot;post_id&quot;:2744}\" data-id=\"3\"><\/a>\n              <\/div>\n            <\/div>\n                  <\/div>\n              <\/div>\n          <div class=\"project-grid-page\">\n        <div class=\"post-gallery-grid  id-69e3aa038a7c7 masonry portfolio_hover_type_1  wpb_animate_when_almost_visible wpb_flash flash isotope row popup-gallery\">\n                              \n            <div class=\"portfolio-item col-12 col-sm-4 col-md-4 popup-item\" >\n              <div class=\"wrap\">\n                                  <div class=\"a-img\" data-original=\"https:\/\/lantal.studio\/wp-content\/uploads\/2020\/09\/7_2-2.jpg\"><img loading=\"lazy\" decoding=\"async\" width=\"768\" height=\"1024\" src=\"https:\/\/lantal.studio\/wp-content\/uploads\/2020\/09\/7_2-2-768x1024.jpg\" class=\"attachment-large size-large\" alt=\"\" \/><\/div>\n                                <a href=\"#\" data-popup-json=\"{&quot;image&quot;:{&quot;url&quot;:&quot;https:\\\/\\\/lantal.studio\\\/wp-content\\\/uploads\\\/2020\\\/09\\\/7_2-2.jpg&quot;,&quot;w&quot;:1920,&quot;h&quot;:2560},&quot;post_id&quot;:2746}\" data-id=\"0\"><\/a>\n              <\/div>\n            <\/div>\n                              \n            <div class=\"portfolio-item col-12 col-sm-4 col-md-4 popup-item\" >\n              <div class=\"wrap\">\n                                  <div class=\"a-img\" data-original=\"https:\/\/lantal.studio\/wp-content\/uploads\/2020\/09\/7_1-2.jpg\"><img loading=\"lazy\" decoding=\"async\" width=\"768\" height=\"1024\" src=\"https:\/\/lantal.studio\/wp-content\/uploads\/2020\/09\/7_1-2-768x1024.jpg\" class=\"attachment-large size-large\" alt=\"\" \/><\/div>\n                                <a href=\"#\" data-popup-json=\"{&quot;image&quot;:{&quot;url&quot;:&quot;https:\\\/\\\/lantal.studio\\\/wp-content\\\/uploads\\\/2020\\\/09\\\/7_1-2.jpg&quot;,&quot;w&quot;:1920,&quot;h&quot;:2561},&quot;post_id&quot;:2748}\" data-id=\"1\"><\/a>\n              <\/div>\n            <\/div>\n                              \n            <div class=\"portfolio-item col-12 col-sm-4 col-md-4 popup-item\" >\n              <div class=\"wrap\">\n                                  <div class=\"a-img\" data-original=\"https:\/\/lantal.studio\/wp-content\/uploads\/2020\/09\/7_3-1-scaled.jpg\"><img loading=\"lazy\" decoding=\"async\" width=\"710\" height=\"1024\" src=\"https:\/\/lantal.studio\/wp-content\/uploads\/2020\/09\/7_3-1-710x1024.jpg\" class=\"attachment-large size-large\" alt=\"\" \/><\/div>\n                                <a href=\"#\" data-popup-json=\"{&quot;image&quot;:{&quot;url&quot;:&quot;https:\\\/\\\/lantal.studio\\\/wp-content\\\/uploads\\\/2020\\\/09\\\/7_3-1-scaled.jpg&quot;,&quot;w&quot;:1776,&quot;h&quot;:2560},&quot;post_id&quot;:2750}\" data-id=\"2\"><\/a>\n              <\/div>\n            <\/div>\n                  <\/div>\n              <\/div>\n          <div class=\"project-grid-page\">\n        <div class=\"post-gallery-grid  id-69e3aa038c2a3 masonry portfolio_hover_type_1  wpb_animate_when_almost_visible wpb_flash flash isotope row popup-gallery\">\n                              \n            <div class=\"portfolio-item col-12 col-sm-6 col-md-6 popup-item\" >\n              <div class=\"wrap\">\n                                  <div class=\"a-img\" data-original=\"https:\/\/lantal.studio\/wp-content\/uploads\/2020\/09\/9_2-2.jpg\"><img loading=\"lazy\" decoding=\"async\" width=\"768\" height=\"1024\" src=\"https:\/\/lantal.studio\/wp-content\/uploads\/2020\/09\/9_2-2-768x1024.jpg\" class=\"attachment-large size-large\" alt=\"\" \/><\/div>\n                                <a href=\"#\" data-popup-json=\"{&quot;image&quot;:{&quot;url&quot;:&quot;https:\\\/\\\/lantal.studio\\\/wp-content\\\/uploads\\\/2020\\\/09\\\/9_2-2.jpg&quot;,&quot;w&quot;:1920,&quot;h&quot;:2560},&quot;post_id&quot;:2752}\" data-id=\"0\"><\/a>\n              <\/div>\n            <\/div>\n                              \n            <div class=\"portfolio-item col-12 col-sm-6 col-md-6 popup-item\" >\n              <div class=\"wrap\">\n                                  <div class=\"a-img\" data-original=\"https:\/\/lantal.studio\/wp-content\/uploads\/2020\/09\/9_1-2-scaled.jpg\"><img loading=\"lazy\" decoding=\"async\" width=\"764\" height=\"1024\" src=\"https:\/\/lantal.studio\/wp-content\/uploads\/2020\/09\/9_1-2-764x1024.jpg\" class=\"attachment-large size-large\" alt=\"\" \/><\/div>\n                                <a href=\"#\" data-popup-json=\"{&quot;image&quot;:{&quot;url&quot;:&quot;https:\\\/\\\/lantal.studio\\\/wp-content\\\/uploads\\\/2020\\\/09\\\/9_1-2-scaled.jpg&quot;,&quot;w&quot;:1910,&quot;h&quot;:2560},&quot;post_id&quot;:2754}\" data-id=\"1\"><\/a>\n              <\/div>\n            <\/div>\n                              \n            <div class=\"portfolio-item col-12 col-sm-6 col-md-6 popup-item\" >\n              <div class=\"wrap\">\n                                  <div class=\"a-img\" data-original=\"https:\/\/lantal.studio\/wp-content\/uploads\/2020\/09\/8_2-2.jpg\"><img loading=\"lazy\" decoding=\"async\" width=\"1024\" height=\"768\" src=\"https:\/\/lantal.studio\/wp-content\/uploads\/2020\/09\/8_2-2-1024x768.jpg\" class=\"attachment-large size-large\" alt=\"\" \/><\/div>\n                                <a href=\"#\" data-popup-json=\"{&quot;image&quot;:{&quot;url&quot;:&quot;https:\\\/\\\/lantal.studio\\\/wp-content\\\/uploads\\\/2020\\\/09\\\/8_2-2.jpg&quot;,&quot;w&quot;:1920,&quot;h&quot;:1440},&quot;post_id&quot;:2756}\" data-id=\"2\"><\/a>\n              <\/div>\n            <\/div>\n                              \n            <div class=\"portfolio-item col-12 col-sm-6 col-md-6 popup-item\" >\n              <div class=\"wrap\">\n                                  <div class=\"a-img\" data-original=\"https:\/\/lantal.studio\/wp-content\/uploads\/2020\/09\/8_1-2.jpg\"><img loading=\"lazy\" decoding=\"async\" width=\"768\" height=\"1024\" src=\"https:\/\/lantal.studio\/wp-content\/uploads\/2020\/09\/8_1-2-768x1024.jpg\" class=\"attachment-large size-large\" alt=\"\" \/><\/div>\n                                <a href=\"#\" data-popup-json=\"{&quot;image&quot;:{&quot;url&quot;:&quot;https:\\\/\\\/lantal.studio\\\/wp-content\\\/uploads\\\/2020\\\/09\\\/8_1-2.jpg&quot;,&quot;w&quot;:1920,&quot;h&quot;:2560},&quot;post_id&quot;:2758}\" data-id=\"3\"><\/a>\n              <\/div>\n            <\/div>\n                  <\/div>\n              <\/div>\n    [\/vc_column][\/vc_row]<\/p>\n<\/div>","protected":false},"excerpt":{"rendered":"<p>[vc_row][vc_column][vc_column_text] A PIHENTET\u0150 HOMOGENIT\u00c1S A sz\u00ednek \u00e9s form\u00e1k zaj\u00e1ban sokszor kellemes id\u0151t\u00f6lt\u00e9s\u00fcl szolg\u00e1l marasztalni a szem\u00fcnket egy egyszer\u0171, m\u00e9gis mag\u00e1val ragad\u00f3 r\u00e9szleten. A minim\u00e1l st\u00edlus\u00fa k\u00e9pek id\u0151tlens\u00e9g\u00fck ok\u00e1n kiv\u00e1l\u00f3an alkalmasak arra, hogy mindennapjaink r\u00e9sz\u00e9v\u00e9 v\u00e1ljanak \u00e9letter\u00fcnkben. Ez inspir\u00e1lta, hogy az al\u00e1bbi alkot\u00e1sok v\u00e1logat\u00e1sai mindenki sz\u00e1m\u00e1ra el\u00e9rhet\u0151ek legyenek itt &gt;[\/vc_column_text][\/vc_column][\/vc_row]<\/p>\n","protected":false},"author":1,"featured_media":0,"parent":0,"menu_order":0,"comment_status":"closed","ping_status":"closed","template":"","meta":{"_acf_changed":false,"footnotes":""},"class_list":["post-2660","page","type-page","status-publish","hentry"],"acf":[],"_links":{"self":[{"href":"https:\/\/lantal.studio\/hu\/wp-json\/wp\/v2\/pages\/2660","targetHints":{"allow":["GET"]}}],"collection":[{"href":"https:\/\/lantal.studio\/hu\/wp-json\/wp\/v2\/pages"}],"about":[{"href":"https:\/\/lantal.studio\/hu\/wp-json\/wp\/v2\/types\/page"}],"author":[{"embeddable":true,"href":"https:\/\/lantal.studio\/hu\/wp-json\/wp\/v2\/users\/1"}],"replies":[{"embeddable":true,"href":"https:\/\/lantal.studio\/hu\/wp-json\/wp\/v2\/comments?post=2660"}],"version-history":[{"count":7,"href":"https:\/\/lantal.studio\/hu\/wp-json\/wp\/v2\/pages\/2660\/revisions"}],"predecessor-version":[{"id":3213,"href":"https:\/\/lantal.studio\/hu\/wp-json\/wp\/v2\/pages\/2660\/revisions\/3213"}],"wp:attachment":[{"href":"https:\/\/lantal.studio\/hu\/wp-json\/wp\/v2\/media?parent=2660"}],"curies":[{"name":"wp","href":"https:\/\/api.w.org\/{rel}","templated":true}]}}