{"id":2663,"date":"2020-09-03T18:58:09","date_gmt":"2020-09-03T18:58:09","guid":{"rendered":"https:\/\/lantal.studio\/?page_id=2663"},"modified":"2022-09-08T16:48:31","modified_gmt":"2022-09-08T16:48:31","slug":"shop","status":"publish","type":"page","link":"https:\/\/lantal.studio\/hu\/shop\/","title":{"rendered":"Shop"},"content":{"rendered":"<div class=\"wpb-content-wrapper\"><p>[vc_row][vc_column][vc_column_text]A m\u0171v\u00e9szet mindannyunk k\u00f6z\u00f6s nyelve, \u00edgy egy megfelel\u0151 alkot\u00e1s \u00e9lm\u00e9nye kellemes fogadtat\u00e1sk\u00e9nt szolg\u00e1l az iroda fal\u00e1n, v\u00e1r\u00f3teremben, vend\u00e9gl\u00e1t\u00f3helyen vagy otthonunk f\u0151 \u00e9letter\u00e9nek k\u00f6z\u00e9ppontj\u00e1ban. A shop alkot\u00e1sai legink\u00e1bb homog\u00e9n eleganci\u00e1juk ok\u00e1n ker\u00fcltek kiv\u00e1laszt\u00e1sra, hogy a legk\u00fcl\u00f6nb\u00f6z\u0151bb terekben is meg\u00e1llj\u00e1k a hely\u00fcket. Ig\u00e9ny eset\u00e9n lehet\u0151s\u00e9g van egy m\u00e1r adott t\u00e9rbe illeszked\u0151 egyedi alkot\u00e1s megrendel\u00e9s\u00e9re.[\/vc_column_text][\/vc_column][\/vc_row][vc_row][vc_column width=&#8221;1\/2&#8243;][vc_single_image image=&#8221;2226&#8243; img_size=&#8221;full&#8221; add_caption=&#8221;yes&#8221; onclick=&#8221;custom_link&#8221; link=&#8221;https:\/\/lantal.studio\/hu\/1-2\/&#8221;][\/vc_column][vc_column width=&#8221;1\/2&#8243;][vc_single_image image=&#8221;2862&#8243; img_size=&#8221;full&#8221; add_caption=&#8221;yes&#8221; alignment=&#8221;right&#8221; onclick=&#8221;custom_link&#8221; link=&#8221;https:\/\/lantal.studio\/hu\/1-2\/&#8221;][vc_column_text]<\/p>\n<h5 style=\"text-align: right;\"><a href=\"https:\/\/lantal.studio\/hu\/1-2\/\">#1 <span style=\"font-size: 25px;\">\u203a<\/span><\/a><\/h5>\n<p>[\/vc_column_text][\/vc_column][\/vc_row][vc_row][vc_column width=&#8221;2\/3&#8243;][vc_single_image image=&#8221;2782&#8243; img_size=&#8221;full&#8221; onclick=&#8221;custom_link&#8221; link=&#8221;https:\/\/lantal.studio\/hu\/2-2\/&#8221;][\/vc_column][vc_column width=&#8221;1\/3&#8243;][vc_single_image image=&#8221;2784&#8243; img_size=&#8221;full&#8221; alignment=&#8221;right&#8221; onclick=&#8221;custom_link&#8221; link=&#8221;https:\/\/lantal.studio\/hu\/2-2\/&#8221;][vc_column_text]<\/p>\n<h5 style=\"text-align: right;\"><a href=\"https:\/\/lantal.studio\/hu\/2-2\/\">#2 <span style=\"font-size: 25px;\">\u203a<\/span><\/a><\/h5>\n<p>[\/vc_column_text][\/vc_column][\/vc_row][vc_row][vc_column width=&#8221;1\/3&#8243;][vc_single_image image=&#8221;2786&#8243; img_size=&#8221;full&#8221; onclick=&#8221;custom_link&#8221; link=&#8221;https:\/\/lantal.studio\/hu\/3-2\/&#8221;][\/vc_column][vc_column width=&#8221;2\/3&#8243;][vc_single_image image=&#8221;2788&#8243; img_size=&#8221;full&#8221; alignment=&#8221;right&#8221; onclick=&#8221;custom_link&#8221; link=&#8221;https:\/\/lantal.studio\/hu\/3-2\/&#8221;][vc_column_text]<\/p>\n<h5 style=\"text-align: right;\"><a href=\"https:\/\/lantal.studio\/hu\/3-2\/\">#3 <span style=\"font-size: 25px;\">\u203a<\/span><\/a><\/h5>\n<p>[\/vc_column_text][\/vc_column][\/vc_row][vc_row][vc_column width=&#8221;2\/3&#8243;][vc_single_image image=&#8221;2790&#8243; img_size=&#8221;full&#8221; onclick=&#8221;custom_link&#8221; link=&#8221;https:\/\/lantal.studio\/hu\/4-2\/&#8221;][\/vc_column][vc_column width=&#8221;1\/3&#8243;][vc_single_image image=&#8221;2792&#8243; img_size=&#8221;full&#8221; alignment=&#8221;right&#8221; onclick=&#8221;custom_link&#8221; link=&#8221;https:\/\/lantal.studio\/hu\/4-2\/&#8221;][vc_column_text]<\/p>\n<h5 style=\"text-align: right;\"><a href=\"https:\/\/lantal.studio\/hu\/4-2\/\">#4 <span style=\"font-size: 25px;\">\u203a<\/span><\/a><\/h5>\n<p>[\/vc_column_text][\/vc_column][\/vc_row][vc_row][vc_column width=&#8221;1\/3&#8243;][vc_single_image image=&#8221;2794&#8243; img_size=&#8221;full&#8221; onclick=&#8221;custom_link&#8221; link=&#8221;https:\/\/lantal.studio\/hu\/5-2\/&#8221;][\/vc_column][vc_column width=&#8221;2\/3&#8243;][vc_single_image image=&#8221;2796&#8243; img_size=&#8221;full&#8221; alignment=&#8221;right&#8221; onclick=&#8221;custom_link&#8221; link=&#8221;https:\/\/lantal.studio\/hu\/5-2\/&#8221;][vc_column_text]<\/p>\n<h5 style=\"text-align: right;\"><a href=\"https:\/\/lantal.studio\/hu\/5-2\/\">#5 <span style=\"font-size: 25px;\">\u203a<\/span><\/a><\/h5>\n<p>[\/vc_column_text][\/vc_column][\/vc_row][vc_row][vc_column width=&#8221;2\/3&#8243;][vc_single_image image=&#8221;2798&#8243; img_size=&#8221;full&#8221; onclick=&#8221;custom_link&#8221; link=&#8221;https:\/\/lantal.studio\/hu\/6-2\/&#8221;][\/vc_column][vc_column width=&#8221;1\/3&#8243;][vc_single_image image=&#8221;2804&#8243; img_size=&#8221;full&#8221; alignment=&#8221;right&#8221; onclick=&#8221;custom_link&#8221; link=&#8221;https:\/\/lantal.studio\/hu\/6-2\/&#8221;][vc_column_text]<\/p>\n<h5 style=\"text-align: right;\"><a href=\"https:\/\/lantal.studio\/hu\/6-2\/\">#6 <span style=\"font-size: 25px;\">\u203a<\/span><\/a><\/h5>\n<p>[\/vc_column_text][\/vc_column][\/vc_row][vc_row][vc_column width=&#8221;1\/3&#8243;][vc_single_image image=&#8221;2806&#8243; img_size=&#8221;full&#8221; onclick=&#8221;custom_link&#8221; link=&#8221;https:\/\/lantal.studio\/hu\/7-2\/&#8221;][\/vc_column][vc_column width=&#8221;2\/3&#8243;][vc_single_image image=&#8221;2802&#8243; img_size=&#8221;full&#8221; alignment=&#8221;right&#8221; onclick=&#8221;custom_link&#8221; link=&#8221;https:\/\/lantal.studio\/hu\/7-2\/&#8221;][vc_column_text]<\/p>\n<h5 style=\"text-align: right;\"><a href=\"https:\/\/lantal.studio\/hu\/7-2\/\">#7 <span style=\"font-size: 25px;\">\u203a<\/span><\/a><\/h5>\n<p>[\/vc_column_text][\/vc_column][\/vc_row][vc_row][vc_column width=&#8221;2\/3&#8243;][vc_single_image image=&#8221;2940&#8243; img_size=&#8221;full&#8221; onclick=&#8221;custom_link&#8221; link=&#8221;https:\/\/lantal.studio\/hu\/8-2\/&#8221;][\/vc_column][vc_column width=&#8221;1\/3&#8243;][vc_single_image image=&#8221;2808&#8243; img_size=&#8221;full&#8221; alignment=&#8221;right&#8221; onclick=&#8221;custom_link&#8221; link=&#8221;https:\/\/lantal.studio\/hu\/8-2\/&#8221;][vc_column_text]<\/p>\n<h5 style=\"text-align: right;\"><a href=\"https:\/\/lantal.studio\/hu\/8-2\/\">#8<\/a> <span style=\"font-size: 25px;\">\u203a<\/span><\/h5>\n<p>[\/vc_column_text][\/vc_column][\/vc_row][vc_row][vc_column width=&#8221;1\/3&#8243;][vc_single_image image=&#8221;2810&#8243; img_size=&#8221;full&#8221; onclick=&#8221;custom_link&#8221; link=&#8221;https:\/\/lantal.studio\/hu\/9-2\/&#8221;][\/vc_column][vc_column width=&#8221;2\/3&#8243;][vc_single_image image=&#8221;2812&#8243; img_size=&#8221;full&#8221; alignment=&#8221;right&#8221; onclick=&#8221;custom_link&#8221; link=&#8221;https:\/\/lantal.studio\/hu\/9-2\/&#8221;][vc_column_text]<\/p>\n<h5 style=\"text-align: right;\"><a href=\"https:\/\/lantal.studio\/hu\/9-2\/\">#9 <span style=\"font-size: 25px;\">\u203a<\/span><\/a><\/h5>\n<p>[\/vc_column_text][\/vc_column][\/vc_row][vc_row][vc_column width=&#8221;2\/3&#8243;][vc_single_image image=&#8221;2814&#8243; img_size=&#8221;full&#8221; onclick=&#8221;custom_link&#8221; link=&#8221;https:\/\/lantal.studio\/hu\/10-2\/&#8221;][\/vc_column][vc_column width=&#8221;1\/3&#8243;][vc_single_image image=&#8221;2816&#8243; img_size=&#8221;full&#8221; alignment=&#8221;right&#8221; onclick=&#8221;custom_link&#8221; link=&#8221;https:\/\/lantal.studio\/hu\/10-2\/&#8221;][vc_column_text]<\/p>\n<h5 style=\"text-align: right;\"><a href=\"https:\/\/lantal.studio\/hu\/10-2\/\">#10 <span style=\"font-size: 25px;\">\u203a<\/span><\/a><\/h5>\n<p>[\/vc_column_text][\/vc_column][\/vc_row][vc_row][vc_column width=&#8221;1\/2&#8243;][vc_single_image image=&#8221;2733&#8243; img_size=&#8221;full&#8221; onclick=&#8221;custom_link&#8221; link=&#8221;https:\/\/lantal.studio\/11-2\/&#8221;][\/vc_column][vc_column width=&#8221;1\/2&#8243;][vc_single_image image=&#8221;3265&#8243; img_size=&#8221;full&#8221; alignment=&#8221;right&#8221; onclick=&#8221;custom_link&#8221; link=&#8221;https:\/\/lantal.studio\/hu\/10-2\/&#8221;][vc_column_text]<\/p>\n<h5 style=\"text-align: right;\"><a href=\"https:\/\/lantal.studio\/11-2\/\">#11 <span style=\"font-size: 25px;\">\u203a<\/span><\/a><\/h5>\n<p>[\/vc_column_text][\/vc_column][\/vc_row][vc_row][vc_column width=&#8221;1\/2&#8243;][vc_single_image image=&#8221;3275&#8243; img_size=&#8221;full&#8221; onclick=&#8221;custom_link&#8221; link=&#8221;https:\/\/lantal.studio\/12-2\/&#8221;][\/vc_column][vc_column width=&#8221;1\/2&#8243;][vc_single_image image=&#8221;3209&#8243; img_size=&#8221;full&#8221; alignment=&#8221;right&#8221; onclick=&#8221;custom_link&#8221; link=&#8221;https:\/\/lantal.studio\/12-2\/&#8221;][vc_column_text]<\/p>\n<h5 style=\"text-align: right;\"><a href=\"https:\/\/lantal.studio\/12-2\/\">#12 <span style=\"font-size: 25px;\">\u203a<\/span><\/a><\/h5>\n<p>[\/vc_column_text][\/vc_column][\/vc_row][vc_row][vc_column width=&#8221;1\/2&#8243;][vc_single_image image=&#8221;3281&#8243; img_size=&#8221;full&#8221; onclick=&#8221;custom_link&#8221; link=&#8221;https:\/\/lantal.studio\/13-2\/&#8221;][\/vc_column][vc_column width=&#8221;1\/2&#8243;][vc_single_image image=&#8221;3283&#8243; img_size=&#8221;full&#8221; alignment=&#8221;right&#8221; onclick=&#8221;custom_link&#8221; link=&#8221;https:\/\/lantal.studio\/13-2\/&#8221;][vc_column_text]<\/p>\n<h5 style=\"text-align: right;\"><a href=\"https:\/\/lantal.studio\/13-2\/\">#13 <span style=\"font-size: 25px;\">\u203a<\/span><\/a><\/h5>\n<p>[\/vc_column_text][\/vc_column][\/vc_row][vc_row][vc_column width=&#8221;1\/2&#8243;][vc_single_image image=&#8221;3291&#8243; img_size=&#8221;full&#8221; onclick=&#8221;custom_link&#8221; link=&#8221;https:\/\/lantal.studio\/14-2\/&#8221;][\/vc_column][vc_column width=&#8221;1\/2&#8243;][vc_single_image image=&#8221;2731&#8243; img_size=&#8221;full&#8221; alignment=&#8221;right&#8221; onclick=&#8221;custom_link&#8221; link=&#8221;https:\/\/lantal.studio\/14-2\/&#8221;][vc_column_text]<\/p>\n<h5 style=\"text-align: right;\"><a href=\"https:\/\/lantal.studio\/14-2\/\">#14 <span style=\"font-size: 25px;\">\u203a<\/span><\/a><\/h5>\n<p>[\/vc_column_text][\/vc_column][\/vc_row][vc_row][vc_column width=&#8221;1\/2&#8243;][vc_single_image image=&#8221;2757&#8243; img_size=&#8221;full&#8221; onclick=&#8221;custom_link&#8221; link=&#8221;https:\/\/lantal.studio\/15-2\/&#8221;][\/vc_column][vc_column width=&#8221;1\/2&#8243;][vc_single_image image=&#8221;3300&#8243; img_size=&#8221;full&#8221; alignment=&#8221;right&#8221; onclick=&#8221;custom_link&#8221; link=&#8221;https:\/\/lantal.studio\/15-2\/&#8221;][vc_column_text]<\/p>\n<h5 style=\"text-align: right;\"><a href=\"https:\/\/lantal.studio\/15-2\/\">#15 <span style=\"font-size: 25px;\">\u203a<\/span><\/a><\/h5>\n<p>[\/vc_column_text][\/vc_column][\/vc_row][vc_row][vc_column width=&#8221;1\/2&#8243;][vc_single_image image=&#8221;3302&#8243; img_size=&#8221;full&#8221; onclick=&#8221;custom_link&#8221; link=&#8221;https:\/\/lantal.studio\/16-2\/&#8221;][\/vc_column][vc_column width=&#8221;1\/2&#8243;][vc_single_image image=&#8221;2724&#8243; img_size=&#8221;full&#8221; alignment=&#8221;right&#8221; onclick=&#8221;custom_link&#8221; link=&#8221;https:\/\/lantal.studio\/16-2\/&#8221;][vc_column_text]<\/p>\n<h5 style=\"text-align: right;\"><a href=\"https:\/\/lantal.studio\/16-2\/\">#16 <span style=\"font-size: 25px;\">\u203a<\/span><\/a><\/h5>\n<p>[\/vc_column_text][\/vc_column][\/vc_row]<\/p>\n<\/div>","protected":false},"excerpt":{"rendered":"<p>[vc_row][vc_column][vc_column_text]A m\u0171v\u00e9szet mindannyunk k\u00f6z\u00f6s nyelve, \u00edgy egy megfelel\u0151 alkot\u00e1s \u00e9lm\u00e9nye kellemes fogadtat\u00e1sk\u00e9nt szolg\u00e1l az iroda fal\u00e1n, v\u00e1r\u00f3teremben, vend\u00e9gl\u00e1t\u00f3helyen vagy otthonunk f\u0151 \u00e9letter\u00e9nek k\u00f6z\u00e9ppontj\u00e1ban. A shop alkot\u00e1sai legink\u00e1bb homog\u00e9n eleganci\u00e1juk ok\u00e1n ker\u00fcltek kiv\u00e1laszt\u00e1sra, hogy a legk\u00fcl\u00f6nb\u00f6z\u0151bb terekben is meg\u00e1llj\u00e1k a hely\u00fcket. Ig\u00e9ny eset\u00e9n lehet\u0151s\u00e9g van egy m\u00e1r adott t\u00e9rbe illeszked\u0151 egyedi alkot\u00e1s megrendel\u00e9s\u00e9re.[\/vc_column_text][\/vc_column][\/vc_row][vc_row][vc_column width=&#8221;1\/2&#8243;][vc_single_image image=&#8221;2226&#8243; img_size=&#8221;full&#8221; [&hellip;]<\/p>\n","protected":false},"author":1,"featured_media":0,"parent":0,"menu_order":0,"comment_status":"closed","ping_status":"closed","template":"","meta":{"_acf_changed":false,"footnotes":""},"class_list":["post-2663","page","type-page","status-publish","hentry"],"acf":[],"_links":{"self":[{"href":"https:\/\/lantal.studio\/hu\/wp-json\/wp\/v2\/pages\/2663","targetHints":{"allow":["GET"]}}],"collection":[{"href":"https:\/\/lantal.studio\/hu\/wp-json\/wp\/v2\/pages"}],"about":[{"href":"https:\/\/lantal.studio\/hu\/wp-json\/wp\/v2\/types\/page"}],"author":[{"embeddable":true,"href":"https:\/\/lantal.studio\/hu\/wp-json\/wp\/v2\/users\/1"}],"replies":[{"embeddable":true,"href":"https:\/\/lantal.studio\/hu\/wp-json\/wp\/v2\/comments?post=2663"}],"version-history":[{"count":13,"href":"https:\/\/lantal.studio\/hu\/wp-json\/wp\/v2\/pages\/2663\/revisions"}],"predecessor-version":[{"id":3340,"href":"https:\/\/lantal.studio\/hu\/wp-json\/wp\/v2\/pages\/2663\/revisions\/3340"}],"wp:attachment":[{"href":"https:\/\/lantal.studio\/hu\/wp-json\/wp\/v2\/media?parent=2663"}],"curies":[{"name":"wp","href":"https:\/\/api.w.org\/{rel}","templated":true}]}}