{"id":2666,"date":"2020-09-03T19:00:10","date_gmt":"2020-09-03T19:00:10","guid":{"rendered":"https:\/\/lantal.studio\/?page_id=2666"},"modified":"2022-09-08T17:21:27","modified_gmt":"2022-09-08T17:21:27","slug":"contact","status":"publish","type":"page","link":"https:\/\/lantal.studio\/hu\/contact\/","title":{"rendered":"KONTAKT"},"content":{"rendered":"<div class=\"wpb-content-wrapper\"><p>[vc_row][vc_column width=&#8221;1\/2&#8243;][vc_column_text]<span style=\"color: #808080;\"><strong>EU<\/strong><\/span><\/p>\n<p><strong><span style=\"font-size: 24px;\">ANTAL L\u00e1szl\u00f3<\/span><\/strong> <em>fot\u00f3s<\/em><\/p>\n<p>hello@lantal.studio<\/p>\n<p>+36 30 60 43 433<\/p>\n<p>&nbsp;<\/p>\n<p><span style=\"color: #808080;\"><strong>USA \/ MIAMI, FLORIDA<\/strong><\/span><\/p>\n<p><span style=\"color: #000000; font-size: 20px;\"><strong>ART FUSION GALLERIES\u00a0<\/strong><\/span><\/p>\n<p><span style=\"color: #000000;\">MIAMI WYNWOOD ART DISTRICT<\/span><\/p>\n<p><span style=\"color: #000000;\">( 305 ) 573.5730<\/span>[\/vc_column_text]\n<div class=\"wpcf7 no-js\" id=\"wpcf7-f2700-o1\" lang=\"\" dir=\"ltr\" data-wpcf7-id=\"2700\">\n<div class=\"screen-reader-response\"><p role=\"status\" aria-live=\"polite\" aria-atomic=\"true\"><\/p> <ul><\/ul><\/div>\n<form action=\"\/hu\/wp-json\/wp\/v2\/pages\/2666#wpcf7-f2700-o1\" method=\"post\" class=\"wpcf7-form init\" aria-label=\"Kapcsolatfelv\u00e9teli \u0171rlap\" novalidate=\"novalidate\" data-status=\"init\">\n<fieldset class=\"hidden-fields-container\"><input type=\"hidden\" name=\"_wpcf7\" value=\"2700\" \/><input type=\"hidden\" name=\"_wpcf7_version\" value=\"6.1.5\" \/><input type=\"hidden\" name=\"_wpcf7_locale\" value=\"\" \/><input type=\"hidden\" name=\"_wpcf7_unit_tag\" value=\"wpcf7-f2700-o1\" \/><input type=\"hidden\" name=\"_wpcf7_container_post\" value=\"0\" \/><input type=\"hidden\" name=\"_wpcf7_posted_data_hash\" value=\"\" \/>\n<\/fieldset>\n<div class=\"contact-form row\">\n  <div class=\"col-12\"><span class=\"wpcf7-form-control-wrap\" data-name=\"email-88\"><input size=\"40\" maxlength=\"400\" class=\"wpcf7-form-control wpcf7-email wpcf7-validates-as-required wpcf7-text wpcf7-validates-as-email style4\" aria-required=\"true\" aria-invalid=\"false\" value=\"Email c\u00edmed\" type=\"email\" name=\"email-88\" \/><\/span><\/div>\n  <div class=\"col-12\"><span class=\"wpcf7-form-control-wrap\" data-name=\"textarea-762\"><textarea cols=\"40\" rows=\"10\" maxlength=\"2000\" class=\"wpcf7-form-control wpcf7-textarea style4\" aria-invalid=\"false\" name=\"textarea-762\">...<\/textarea><\/span><\/div>\n  <div class=\"col-12\"><button type=\"submit\" class=\"button-style1\">\u00dczenet elk\u00fcld\u00e9se<\/button><\/div>\n<\/div><div class=\"wpcf7-response-output\" aria-hidden=\"true\"><\/div>\n<\/form>\n<\/div>\n[\/vc_column][vc_column width=&#8221;1\/2&#8243;][\/vc_column][\/vc_row]<\/p>\n<\/div>","protected":false},"excerpt":{"rendered":"<p>[vc_row][vc_column width=&#8221;1\/2&#8243;][vc_column_text]EU ANTAL L\u00e1szl\u00f3 fot\u00f3s hello@lantal.studio +36 30 60 43 433 &nbsp; USA \/ MIAMI, FLORIDA ART FUSION GALLERIES\u00a0 MIAMI WYNWOOD ART DISTRICT ( 305 ) 573.5730[\/vc_column_text][\/vc_column][vc_column width=&#8221;1\/2&#8243;][\/vc_column][\/vc_row]<\/p>\n","protected":false},"author":1,"featured_media":0,"parent":0,"menu_order":0,"comment_status":"closed","ping_status":"closed","template":"","meta":{"_acf_changed":false,"footnotes":""},"class_list":["post-2666","page","type-page","status-publish","hentry"],"acf":[],"_links":{"self":[{"href":"https:\/\/lantal.studio\/hu\/wp-json\/wp\/v2\/pages\/2666","targetHints":{"allow":["GET"]}}],"collection":[{"href":"https:\/\/lantal.studio\/hu\/wp-json\/wp\/v2\/pages"}],"about":[{"href":"https:\/\/lantal.studio\/hu\/wp-json\/wp\/v2\/types\/page"}],"author":[{"embeddable":true,"href":"https:\/\/lantal.studio\/hu\/wp-json\/wp\/v2\/users\/1"}],"replies":[{"embeddable":true,"href":"https:\/\/lantal.studio\/hu\/wp-json\/wp\/v2\/comments?post=2666"}],"version-history":[{"count":7,"href":"https:\/\/lantal.studio\/hu\/wp-json\/wp\/v2\/pages\/2666\/revisions"}],"predecessor-version":[{"id":3350,"href":"https:\/\/lantal.studio\/hu\/wp-json\/wp\/v2\/pages\/2666\/revisions\/3350"}],"wp:attachment":[{"href":"https:\/\/lantal.studio\/hu\/wp-json\/wp\/v2\/media?parent=2666"}],"curies":[{"name":"wp","href":"https:\/\/api.w.org\/{rel}","templated":true}]}}