{"id":2714,"date":"2020-09-04T14:06:23","date_gmt":"2020-09-04T14:06:23","guid":{"rendered":"https:\/\/lantal.studio\/?page_id=2714"},"modified":"2020-09-15T14:10:22","modified_gmt":"2020-09-15T14:10:22","slug":"hello","status":"publish","type":"page","link":"https:\/\/lantal.studio\/hu\/hello\/","title":{"rendered":"HELLO"},"content":{"rendered":"<p><span style=\"font-weight: 400;\">Motiv\u00e1ci\u00f3m a legt\u00f6k\u00e9letesebb pillanat meg\u00f6r\u00f6k\u00edt\u00e9se ir\u00e1nti v\u00e1gy, \u00e9s ez a paradoxon igazi kih\u00edv\u00e1st jelent sz\u00e1momra az alkot\u00e1s sor\u00e1n. Ez a hajt\u00f3er\u0151 k\u00e9sztet, hogy minden t\u00e9m\u00e1ban, legyen az egy \u00e9p\u00fclet, mozdulat vagy egy tekintet, \u00f6r\u00f6kk\u00e9val\u00f3v\u00e1 tegyem azt a megism\u00e9telhetetlen pillanatot.\u00a0<\/span><\/p>\n<p><span style=\"font-weight: 400;\">2006 \u00f3ta t\u00f6retlen lelkesed\u00e9ssel vagyok a k\u00fcl\u00f6nb\u00f6z\u0151 jelleg\u0171 megkeres\u00e9sek ir\u00e1nt, \u00e9s a t\u00e9m\u00e1k gyakorlati kih\u00edv\u00e1saival egyidej\u0171leg b\u0151v\u00fclt technikai felk\u00e9sz\u00fclts\u00e9gem.\u00a0<\/span><\/p>\n<p><span style=\"font-weight: 400;\">Eszk\u00f6zeim hi\u00e1nytalanul alkalmasak az \u00e1ltalam kedvelt szegmensek az \u00e9p\u00fcletfot\u00f3k, enteri\u0151r\u00f6k, \u00e9letk\u00e9pek, portr\u00e9k, rendezv\u00e9nyek, esk\u00fcv\u0151k, beauty, modern t\u00e1nc, glamour, m\u0171v\u00e9szi akt professzion\u00e1lis fot\u00f3z\u00e1s\u00e1hoz.<\/span><\/p>\n<p><span style=\"font-weight: 400;\">Alkot\u00f3munk\u00e1m sor\u00e1n a kreat\u00edvit\u00e1son t\u00fal\u00a0 fontoss\u00e1got \u00e9lvez a pontoss\u00e1g \u00e9s id\u0151hat\u00e9konys\u00e1g, hogy \u00fcgyfeleim bizalm\u00e1t megtisztelve, a lehet\u0151 leghamarabb r\u00e9szes\u00fclhessenek a meg\u00f6r\u00f6k\u00edtett pillanatokb\u00f3l.<\/span><\/p>\n<p><span style=\"font-size: 20px;\"><strong>T\u00c9MAK\u00d6R\u00d6K&amp;KATEG\u00d3RI\u00c1K<\/strong><\/span><\/p>\n<ul>\n<li>\u00c9P\u00dcLET &amp; ENTERI\u0150R fot\u00f3<br \/>\nirod\u00e1k, irodah\u00e1zak, bev\u00e1s\u00e1rl\u00f3k\u00f6zpontok, lak\u00f3parkok, hotelek, \u00e9ttermek, egy\u00e9b ingatlanok<\/li>\n<li>RENDEZV\u00c9NY fot\u00f3<br \/>\nmegnyit\u00f3k, d\u00edj\u00e1tad\u00f3k, c\u00e9ges partyk, divatbemutat\u00f3k, esk\u00fcv\u0151k<\/li>\n<li>C\u00c9GES PORTR\u00c9 &amp; IMAGE fot\u00f3<\/li>\n<li>MODEL, BEAUTY &amp; GLAMOUR fot\u00f3<\/li>\n<li>MINIMAL &amp; ART fot\u00f3<\/li>\n<\/ul>\n<p><strong><span style=\"font-size: 20px;\">STUDIO technika<\/span><\/strong><\/p>\n<ul>\n<li>Canon 1DX MarkII (full frame) \u00e9s a hozz\u00e1 tartoz\u00f3 profi objekt\u00edvpark<\/li>\n<li>Fuji GFX 50s (k\u00f6z\u00e9pform\u00e1tum) \u00e9s a hozz\u00e1 tartoz\u00f3 profi objekt\u00edvpark<\/li>\n<li>TOYO-Filed 45A (4*5 s\u00edkfilm \u2013 dia) \u00e9s a hozz\u00e1 tartoz\u00f3 profi objekt\u00edvpark<\/li>\n<li>Hensel st\u00fadi\u00f3 vil\u00e1g\u00edt\u00e1s \u00e9s f\u00e9nyform\u00e1l\u00f3 eszk\u00f6z\u00f6k<\/li>\n<li>ARRI filmes vil\u00e1g\u00edt\u00e1s \u00e9s f\u00e9nyform\u00e1l\u00f3 eszk\u00f6z\u00f6k<br \/>\n\u00e1llv\u00e1nyok, sz\u0171r\u0151k, stb.<\/li>\n<\/ul>\n<p><strong><span style=\"font-size: 20px;\">KIEMELT REFERENCI\u00c1K<\/span><\/strong><\/p>\n<p><span style=\"color: #808080;\"><em><span style=\"font-size: 20px;\">\u00c9P\u00dcLET &amp; ENTERI\u0150R fot\u00f3<\/span><\/em><\/span><\/p>\n<p><span style=\"font-size: 14px;\"><strong>IRODAH\u00c1Z<\/strong><\/span><br \/>\nBSR\u00a0 I\u00a0 Roosevelt 7\/8\u00a0 I\u00a0 Park \u00c1trium\u00a0 I\u00a0 N\u00e9pliget Center\u00a0 I\u00a0 Dorottya udvar\u00a0 I\u00a0 Eiffel Palace\u00a0 I\u00a0 Mad\u00e1ch Trade Center\u00a0 I\u00a0 Green House<\/p>\n<p><strong><span style=\"font-size: 14px;\">IRODA enteri\u0151r<\/span><\/strong><br \/>\nBritish Telekom\u00a0 I\u00a0 Ringier\u00a0 I\u00a0 Futureal\u00a0 I\u00a0 Epam\u00a0 I\u00a0 Laki\u00a0 I\u00a0 Devergo\u00a0 I\u00a0 British Petrol<\/p>\n<p><strong><span style=\"font-size: 14px;\">\u00dcZLETI PARK<\/span><\/strong><br \/>\nCity Point\u00a0 I\u00a0 EMS\u00a0 I\u00a0 Airport City\u00a0 I\u00a0 Tulip\u00e1n Park<\/p>\n<p><strong><span style=\"font-size: 14px;\">BEV\u00c1S\u00c1RL\u00d3 K\u00d6ZPONT<\/span><\/strong><br \/>\nMCF\u00a0 I\u00a0 Corvin\u00a0 I\u00a0 Europeum I\u00a0 Eurocenter<\/p>\n<p><span style=\"font-size: 14px;\"><strong>LAK\u00d3PARK<\/strong><\/span><br \/>\nCorvin negyed I\u00a0 City Garden I\u00a0 Thermal Zugl\u00f3 I\u00a0 Terrace Resident I\u00a0 Sasad resort<\/p>\n<p><strong><span style=\"font-size: 14px;\">HOTEL<\/span><\/strong><br \/>\nCourtyard I\u00a0 Kempinski I\u00a0 Aria I\u00a0 Mariott I\u00a0 Europeum<\/p>\n<p><strong><span style=\"font-size: 14px;\">\u00c9P\u00dcLET<\/span><\/strong><br \/>\nM4 metr\u00f3 I\u00a0 Zeneakad\u00e9mia I\u00a0 Erkel sz\u00ednh\u00e1z I\u00a0 OMW \u00e9s Mobil Petrol<\/p>\n<p>&nbsp;<\/p>\n<p>&nbsp;<\/p>\n","protected":false},"excerpt":{"rendered":"<p>Motiv\u00e1ci\u00f3m a legt\u00f6k\u00e9letesebb pillanat meg\u00f6r\u00f6k\u00edt\u00e9se ir\u00e1nti v\u00e1gy, \u00e9s ez a paradoxon igazi kih\u00edv\u00e1st jelent sz\u00e1momra az alkot\u00e1s sor\u00e1n. Ez a hajt\u00f3er\u0151 k\u00e9sztet, hogy minden t\u00e9m\u00e1ban, legyen az egy \u00e9p\u00fclet, mozdulat vagy egy tekintet, \u00f6r\u00f6kk\u00e9val\u00f3v\u00e1 tegyem azt a megism\u00e9telhetetlen pillanatot.\u00a0 2006 \u00f3ta t\u00f6retlen lelkesed\u00e9ssel vagyok a k\u00fcl\u00f6nb\u00f6z\u0151 jelleg\u0171 megkeres\u00e9sek ir\u00e1nt, \u00e9s a t\u00e9m\u00e1k gyakorlati kih\u00edv\u00e1saival egyidej\u0171leg [&hellip;]<\/p>\n","protected":false},"author":1,"featured_media":0,"parent":0,"menu_order":0,"comment_status":"closed","ping_status":"closed","template":"","meta":{"_acf_changed":false,"footnotes":""},"class_list":["post-2714","page","type-page","status-publish","hentry"],"acf":[],"_links":{"self":[{"href":"https:\/\/lantal.studio\/hu\/wp-json\/wp\/v2\/pages\/2714","targetHints":{"allow":["GET"]}}],"collection":[{"href":"https:\/\/lantal.studio\/hu\/wp-json\/wp\/v2\/pages"}],"about":[{"href":"https:\/\/lantal.studio\/hu\/wp-json\/wp\/v2\/types\/page"}],"author":[{"embeddable":true,"href":"https:\/\/lantal.studio\/hu\/wp-json\/wp\/v2\/users\/1"}],"replies":[{"embeddable":true,"href":"https:\/\/lantal.studio\/hu\/wp-json\/wp\/v2\/comments?post=2714"}],"version-history":[{"count":6,"href":"https:\/\/lantal.studio\/hu\/wp-json\/wp\/v2\/pages\/2714\/revisions"}],"predecessor-version":[{"id":2875,"href":"https:\/\/lantal.studio\/hu\/wp-json\/wp\/v2\/pages\/2714\/revisions\/2875"}],"wp:attachment":[{"href":"https:\/\/lantal.studio\/hu\/wp-json\/wp\/v2\/media?parent=2714"}],"curies":[{"name":"wp","href":"https:\/\/api.w.org\/{rel}","templated":true}]}}