{"id":2845,"date":"2020-09-11T15:51:55","date_gmt":"2020-09-11T15:51:55","guid":{"rendered":"https:\/\/lantal.studio\/?page_id=2845"},"modified":"2022-09-08T16:54:23","modified_gmt":"2022-09-08T16:54:23","slug":"2-2","status":"publish","type":"page","link":"https:\/\/lantal.studio\/hu\/2-2\/","title":{"rendered":"#2"},"content":{"rendered":"<div class=\"wpb-content-wrapper\"><p>[vc_row][vc_column][vc_raw_html]JTNDaDIlMjBzdHlsZSUzRCUyMmNvbG9yJTNBJTIzOTk5JTNCJTIyJTNFYnV5JTIwQVJUJTIwJTNDc3BhbiUyMHN0eWxlJTNEJTIyZm9udC1zaXplJTNBMjBweCUzQiUyMiUzRSUzQ2l0YWxpYyUzRXRvJTIweW91ciUyMGludGVyaW9yJTNDJTJGaXRhbGljJTNFJTNDJTJGc3BhbiUzRSUzQ2gyJTNF[\/vc_raw_html][\/vc_column][\/vc_row][vc_row][vc_column width=&#8221;1\/2&#8243;][vc_single_image image=&#8221;2784&#8243; img_size=&#8221;full&#8221; onclick=&#8221;link_image&#8221;][\/vc_column][vc_column width=&#8221;1\/2&#8243;][vc_column_text]<\/p>\n<h4>#2<\/h4>\n<p>&nbsp;<\/p>\n<p><span style=\"color: #999999;\"><em><strong>K\u00c9PM\u00c9RET\u00a0 \u00a0\u00a0<\/strong><\/em><\/span><\/p>\n<ul>\n<li><strong><span style=\"color: #000000;\">90\u00a0 \u00a0 \u00a0 x\u00a0 120 cm\u00a0 \u00a0 \u00a0 \u00a0I\u00a0 \u00a035,4 x 47,2 inch<\/span><\/strong><\/li>\n<li><strong><span style=\"color: #000000;\">105\u00a0 \u00a0 x\u00a0 140 cm\u00a0 \u00a0 \u00a0 \u00a0I\u00a0 \u00a041,3 x 55,1 inch<\/span><\/strong><\/li>\n<li><strong><span style=\"color: #000000;\">118,4 x\u00a0 157,9 cm\u00a0 \u00a0 I\u00a0 \u00a046,6 x 62,2 inch<\/span><\/strong><\/li>\n<\/ul>\n<p><span style=\"color: #999999;\"><em><strong>KIVITELEZ\u00c9SI OPCI\u00d3K<\/strong><\/em><\/span><span style=\"color: #000000;\"><strong>\u00a0 \u00a0<\/strong><\/span><\/p>\n<ul>\n<li><span style=\"color: #000000;\"><strong>BARIT pap\u00edr<\/strong><\/span><\/li>\n<\/ul>\n<ul>\n<li><span style=\"color: #000000;\"><strong>BARIT pap\u00edr v\u00e9kony fa kerettel<\/strong><\/span><\/li>\n<\/ul>\n<ul>\n<li><span style=\"color: #000000;\"><strong>BARIT pap\u00edr plexi fed\u00e9ssel<\/strong><\/span><\/li>\n<\/ul>\n<p><span style=\"color: #000000;\"><strong>\u00a0<\/strong><\/span><\/p>\n<div class=\"wpb_single_image wpb_content_element vc_align_left\"><\/div>\n<p>[\/vc_column_text][vc_single_image image=&#8221;3176&#8243; img_size=&#8221;full&#8221; onclick=&#8221;custom_link&#8221; img_link_target=&#8221;_blank&#8221; link=&#8221;https:\/\/lantal.studio\/nyomtatasi-specifikaciok\/&#8221;][vc_single_image image=&#8221;2958&#8243; img_size=&#8221;full&#8221; onclick=&#8221;custom_link&#8221; img_link_target=&#8221;_blank&#8221; link=&#8221;https:\/\/pigmenta.hu\/&#8221;][\/vc_column][\/vc_row][vc_row][vc_column width=&#8221;1\/2&#8243;][vc_column_text]<span style=\"font-weight: 400;\">Ig\u00e9ny szerint lehet\u0151s\u00e9g van egy\u00e9b m\u00e9ret\u0171 nyomtat\u00e1sra, a k\u00e9p maxim\u00e1lis m\u00e9retar\u00e1ny\u00e1nak keretein bel\u00fcl.<\/span>[\/vc_column_text]\n<div class=\"wpcf7 no-js\" id=\"wpcf7-f2824-o1\" lang=\"\" dir=\"ltr\" data-wpcf7-id=\"2824\">\n<div class=\"screen-reader-response\"><p role=\"status\" aria-live=\"polite\" aria-atomic=\"true\"><\/p> <ul><\/ul><\/div>\n<form action=\"\/hu\/wp-json\/wp\/v2\/pages\/2845#wpcf7-f2824-o1\" method=\"post\" class=\"wpcf7-form init\" aria-label=\"Kapcsolatfelv\u00e9teli \u0171rlap\" novalidate=\"novalidate\" data-status=\"init\">\n<fieldset class=\"hidden-fields-container\"><input type=\"hidden\" name=\"_wpcf7\" value=\"2824\" \/><input type=\"hidden\" name=\"_wpcf7_version\" value=\"6.1.5\" \/><input type=\"hidden\" name=\"_wpcf7_locale\" value=\"\" \/><input type=\"hidden\" name=\"_wpcf7_unit_tag\" value=\"wpcf7-f2824-o1\" \/><input type=\"hidden\" name=\"_wpcf7_container_post\" value=\"0\" \/><input type=\"hidden\" name=\"_wpcf7_posted_data_hash\" value=\"\" \/>\n<\/fieldset>\n<div class=\"contact-form row\">\n<input class=\"wpcf7-form-control wpcf7-hidden\" value=\"#2\" type=\"hidden\" name=\"image\" \/>\n  <div class=\"col-12\"><strong>M\u00e9ret kiv\u00e1laszt\u00e1sa:<\/strong> <span class=\"wpcf7-form-control-wrap\" data-name=\"size\"><select class=\"wpcf7-form-control wpcf7-select style4\" aria-invalid=\"false\" name=\"size\"><option value=\"90 cm x 120 cm\">90 cm x 120 cm<\/option><option value=\"105 cm x 140 cm\">105 cm x 140 cm<\/option><option value=\"118,4 cm x 157,9 cm\">118,4 cm x 157,9 cm<\/option><\/select><\/span><\/div>\n<div class=\"col-12\"><strong>Kivitelez\u00e9si opci\u00f3k:<\/strong> <span class=\"wpcf7-form-control-wrap\" data-name=\"Printoption\"><select class=\"wpcf7-form-control wpcf7-select style4\" aria-invalid=\"false\" name=\"Printoption\"><option value=\"Barit pap\u00edr\">Barit pap\u00edr<\/option><option value=\"Barit pap\u00edr v\u00e9kony fa kerettel\">Barit pap\u00edr v\u00e9kony fa kerettel<\/option><option value=\"Barit pap\u00edr plexi fed\u00e9ssel\">Barit pap\u00edr plexi fed\u00e9ssel<\/option><\/select><\/span>\n  <div class=\"col-12\"><span class=\"wpcf7-form-control-wrap\" data-name=\"email-88\"><input size=\"40\" maxlength=\"400\" class=\"wpcf7-form-control wpcf7-email wpcf7-validates-as-required wpcf7-text wpcf7-validates-as-email style4\" aria-required=\"true\" aria-invalid=\"false\" value=\"Email c\u00edmed\" type=\"email\" name=\"email-88\" \/><\/span><\/div>\n  <div class=\"col-12\"><button type=\"submit\" class=\"button-style1\">Aj\u00e1nlatk\u00e9r\u00e9s<\/button><\/div>\n<\/div><div class=\"wpcf7-response-output\" aria-hidden=\"true\"><\/div>\n<\/form>\n<\/div>\n[\/vc_column][vc_column width=&#8221;1\/2&#8243;][\/vc_column][\/vc_row]<\/p>\n<\/div>","protected":false},"excerpt":{"rendered":"<p>[vc_row][vc_column][vc_raw_html]JTNDaDIlMjBzdHlsZSUzRCUyMmNvbG9yJTNBJTIzOTk5JTNCJTIyJTNFYnV5JTIwQVJUJTIwJTNDc3BhbiUyMHN0eWxlJTNEJTIyZm9udC1zaXplJTNBMjBweCUzQiUyMiUzRSUzQ2l0YWxpYyUzRXRvJTIweW91ciUyMGludGVyaW9yJTNDJTJGaXRhbGljJTNFJTNDJTJGc3BhbiUzRSUzQ2gyJTNF[\/vc_raw_html][\/vc_column][\/vc_row][vc_row][vc_column width=&#8221;1\/2&#8243;][vc_single_image image=&#8221;2784&#8243; img_size=&#8221;full&#8221; onclick=&#8221;link_image&#8221;][\/vc_column][vc_column width=&#8221;1\/2&#8243;][vc_column_text] #2 &nbsp; K\u00c9PM\u00c9RET\u00a0 \u00a0\u00a0 90\u00a0 \u00a0 \u00a0 x\u00a0 120 cm\u00a0 \u00a0 \u00a0 \u00a0I\u00a0 \u00a035,4 x 47,2 inch 105\u00a0 \u00a0 x\u00a0 140 cm\u00a0 \u00a0 \u00a0 \u00a0I\u00a0 \u00a041,3 x 55,1 inch 118,4 x\u00a0 157,9 cm\u00a0 \u00a0 I\u00a0 \u00a046,6 x 62,2 inch KIVITELEZ\u00c9SI OPCI\u00d3K\u00a0 \u00a0 BARIT pap\u00edr BARIT pap\u00edr v\u00e9kony fa kerettel [&hellip;]<\/p>\n","protected":false},"author":1,"featured_media":0,"parent":0,"menu_order":0,"comment_status":"closed","ping_status":"closed","template":"","meta":{"_acf_changed":false,"footnotes":""},"class_list":["post-2845","page","type-page","status-publish","hentry"],"acf":[],"_links":{"self":[{"href":"https:\/\/lantal.studio\/hu\/wp-json\/wp\/v2\/pages\/2845","targetHints":{"allow":["GET"]}}],"collection":[{"href":"https:\/\/lantal.studio\/hu\/wp-json\/wp\/v2\/pages"}],"about":[{"href":"https:\/\/lantal.studio\/hu\/wp-json\/wp\/v2\/types\/page"}],"author":[{"embeddable":true,"href":"https:\/\/lantal.studio\/hu\/wp-json\/wp\/v2\/users\/1"}],"replies":[{"embeddable":true,"href":"https:\/\/lantal.studio\/hu\/wp-json\/wp\/v2\/comments?post=2845"}],"version-history":[{"count":8,"href":"https:\/\/lantal.studio\/hu\/wp-json\/wp\/v2\/pages\/2845\/revisions"}],"predecessor-version":[{"id":3341,"href":"https:\/\/lantal.studio\/hu\/wp-json\/wp\/v2\/pages\/2845\/revisions\/3341"}],"wp:attachment":[{"href":"https:\/\/lantal.studio\/hu\/wp-json\/wp\/v2\/media?parent=2845"}],"curies":[{"name":"wp","href":"https:\/\/api.w.org\/{rel}","templated":true}]}}