{"id":3023,"date":"2020-12-09T15:28:20","date_gmt":"2020-12-09T15:28:20","guid":{"rendered":"https:\/\/lantal.studio\/?page_id=3023"},"modified":"2021-04-29T15:28:09","modified_gmt":"2021-04-29T15:28:09","slug":"nyomtatasi-specifikaciok","status":"publish","type":"page","link":"https:\/\/lantal.studio\/hu\/nyomtatasi-specifikaciok\/","title":{"rendered":"NYOMTAT\u00c1SI SPECIFIK\u00c1CI\u00d3K"},"content":{"rendered":"<div class=\"wpb-content-wrapper\"><p>[vc_row css=&#8221;.vc_custom_1602601708450{padding-top: 0px !important;background-color: #fff !important;}&#8221; uniqid=&#8221;5f807e74e89e4&#8243;][vc_column css=&#8221;.vc_custom_1602601698179{padding-top: 0px !important;}&#8221; uniqid=&#8221;5f85c2da198bb&#8221;][vc_column_text]<\/p>\n<h1><span style=\"color: #999999;\"><strong>A kivitelez\u00e9s m\u0171v\u00e9szete<\/strong><\/span><\/h1>\n<h3><strong><span style=\"color: #999999;\">A leny\u0171g\u00f6z\u0151 k\u00e9p\u00e9lm\u00e9ny titka a magas min\u0151s\u00e9g\u0171 kivitelez\u00e9s.<\/span>\u00a0<\/strong><\/h3>\n<p><span style=\"font-weight: 400;\">A m\u0171v\u00e9szi nyomat rendk\u00edv\u00fcl tart\u00f3s \u00e9lettartam\u00fa barit pap\u00edrra, a vil\u00e1g egyik leg\u00fajabb technol\u00f3gi\u00e1j\u00e1val k\u00e9sz\u00fcl. <\/span><span style=\"font-weight: 400;\">A nyomtat\u00e1s a <\/span><span style=\"font-weight: 400;\">Pigmenta Art Print Lab<\/span> <span style=\"font-weight: 400;\">30 \u00e9ves szakmai tapasztalata alapj\u00e1n val\u00f3sul meg.<\/span><span style=\"font-weight: 400;\">\u00a0<\/span>[\/vc_column_text][vc_empty_space height=&#8221;20px&#8221;][\/vc_column][\/vc_row][vc_row full_width=&#8221;stretch_row&#8221; css=&#8221;.vc_custom_1602256744847{background-color: #ffffff !important;}&#8221;][vc_column offset=&#8221;vc_hidden-md vc_hidden-sm vc_hidden-xs&#8221;][vc_single_image image=&#8221;3038&#8243; img_size=&#8221;medium&#8221; onclick=&#8221;custom_link&#8221; img_link_target=&#8221;_blank&#8221; link=&#8221;https:\/\/artprintlab.com\/&#8221;][vc_column_text]<\/p>\n<h6><span style=\"color: #999999;\"><em>NYOMTAT\u00c1SI OPCI\u00d3\u00a0<\/em><\/span><\/h6>\n<h5><strong>BARIT pap\u00edr k\u00e9pkerettel<\/strong><\/h5>\n<p><em>Technol\u00f3gia<\/em><\/p>\n<p><span style=\"font-weight: 400;\">Az \u00faj technik\u00e1nknak k\u00f6sz\u00f6nhet\u0151en lev\u00e1ltottuk a C-printet, helyette barit pap\u00edrra k\u00e9sz\u00fclt m\u00fazeumi min\u0151s\u00e9g\u0171 arch\u00edv nyomatot alkalmazunk.<\/span><span style=\"font-weight: 400;\">A nyomtat\u00e1si technika a fakul\u00e1smentes pigment alap\u00fa tint\u00e1kkal 100 \u00e9v k\u00f6r\u00fcli \u00e9lettartamot biztos\u00edt.<\/span><span style=\"font-weight: 400;\">A nyomtat\u00e1st k\u00f6vet\u0151en a k\u00e9peket a megrendel\u0151 ig\u00e9nye szerint v\u00e9kony perem\u0171 fa profil keretbe ker\u00fcl. <\/span>[\/vc_column_text][\/vc_column][\/vc_row][vc_row full_width=&#8221;stretch_row&#8221; css=&#8221;.vc_custom_1602256744847{background-color: #ffffff !important;}&#8221; uniqid=&#8221;5f807e7b492d2&#8243;][vc_column width=&#8221;1\/2&#8243; offset=&#8221;vc_hidden-md vc_hidden-sm vc_hidden-xs&#8221; uniqid=&#8221;5f9167d716e66&#8243;][vc_single_image image=&#8221;3032&#8243; img_size=&#8221;full&#8221;][\/vc_column][vc_column width=&#8221;1\/2&#8243; css=&#8221;.vc_custom_1603364846212{margin-top: 200px !important;margin-left: 100px !important;}&#8221; uniqid=&#8221;5f85c22884f42&#8243; offset=&#8221;vc_hidden-md vc_hidden-sm vc_hidden-xs&#8221;][vc_column_text]<\/p>\n<h4>BARIT pap\u00edr<\/h4>\n<p><span style=\"font-weight: 400;\">A Photo Rag Baryta pap\u00edr a 100% pamut alapanyagnak k\u00f6sz\u00f6nhet\u0151en mindeni m\u00fazeumi \u00e9s archiv\u00e1l\u00e1si el\u0151\u00edr\u00e1snak megfelel. F\u00e9nyes barit fel\u00fclete miatt kiv\u00e1l\u00f3 denzit\u00e1s, nagy sz\u00ednt\u00e9r, sz\u00e9p \u00e1tmenetek \u00e9s j\u00f3 \u00e9less\u00e9g jellemzik.<\/span><\/p>\n<p><em><span style=\"font-weight: 400; font-size: 14px;\">*80 \u00e9v kifakul\u00e1s elleni garancia \u00fcvegezett keretben, vagy s\u00f6t\u00e9t t\u00e1rol\u00e1s mellett.<\/span><\/em><\/p>\n<ul>\n<li style=\"font-weight: 400;\"><span style=\"font-weight: 400;\">fot\u00f3nyomtat\u00e1sra aj\u00e1nlott<\/span><\/li>\n<li style=\"font-weight: 400;\"><span style=\"font-weight: 400;\">m\u00fazeumi arch\u00edv pap\u00edr<\/span><\/li>\n<li style=\"font-weight: 400;\"><span style=\"font-weight: 400;\">igazi b\u00e1rium szulf\u00e1t (barit) fel\u00fclet<\/span><\/li>\n<li style=\"font-weight: 400;\"><span style=\"font-weight: 400;\">az anal\u00f3g barit pap\u00edrokkal megegyez\u0151 m\u0171t\u00e1rgy min\u0151s\u00e9g<\/span><\/li>\n<li style=\"font-weight: 400;\"><span style=\"font-weight: 400;\">meleg feh\u00e9r t\u00f3nus<\/span><\/li>\n<li style=\"font-weight: 400;\"><span style=\"font-weight: 400;\">k\u00fcl\u00f6nleges fotogr\u00e1fiai feladatokhoz<\/span><\/li>\n<\/ul>\n<p>[\/vc_column_text][\/vc_column][\/vc_row][vc_row full_width=&#8221;stretch_row&#8221; css=&#8221;.vc_custom_1602256744847{background-color: #ffffff !important;}&#8221;][vc_column width=&#8221;1\/2&#8243; offset=&#8221;vc_hidden-lg&#8221; uniqid=&#8221;608acfd60e1cb&#8221;][vc_single_image image=&#8221;3032&#8243; img_size=&#8221;full&#8221;][\/vc_column][vc_column width=&#8221;1\/2&#8243; uniqid=&#8221;608acfe00861a&#8221; offset=&#8221;vc_hidden-lg&#8221;][vc_column_text]<\/p>\n<h4>BARIT pap\u00edr<\/h4>\n<p><span style=\"font-weight: 400;\">A Photo Rag Baryta pap\u00edr a 100% pamut alapanyagnak k\u00f6sz\u00f6nhet\u0151en mindeni m\u00fazeumi \u00e9s archiv\u00e1l\u00e1si el\u0151\u00edr\u00e1snak megfelel. F\u00e9nyes barit fel\u00fclete miatt kiv\u00e1l\u00f3 denzit\u00e1s, nagy sz\u00ednt\u00e9r, sz\u00e9p \u00e1tmenetek \u00e9s j\u00f3 \u00e9less\u00e9g jellemzik.<\/span><\/p>\n<p><em><span style=\"font-weight: 400; font-size: 14px;\">*80 \u00e9v kifakul\u00e1s elleni garancia \u00fcvegezett keretben, vagy s\u00f6t\u00e9t t\u00e1rol\u00e1s mellett.<\/span><\/em><\/p>\n<ul>\n<li style=\"font-weight: 400;\"><span style=\"font-weight: 400;\">fot\u00f3nyomtat\u00e1sra aj\u00e1nlott<\/span><\/li>\n<li style=\"font-weight: 400;\"><span style=\"font-weight: 400;\">m\u00fazeumi arch\u00edv pap\u00edr<\/span><\/li>\n<li style=\"font-weight: 400;\"><span style=\"font-weight: 400;\">igazi b\u00e1rium szulf\u00e1t (barit) fel\u00fclet<\/span><\/li>\n<li style=\"font-weight: 400;\"><span style=\"font-weight: 400;\">az anal\u00f3g barit pap\u00edrokkal megegyez\u0151 m\u0171t\u00e1rgy min\u0151s\u00e9g<\/span><\/li>\n<li style=\"font-weight: 400;\"><span style=\"font-weight: 400;\">meleg feh\u00e9r t\u00f3nus<\/span><\/li>\n<li style=\"font-weight: 400;\"><span style=\"font-weight: 400;\">k\u00fcl\u00f6nleges fotogr\u00e1fiai feladatokhoz<\/span><\/li>\n<\/ul>\n<p>[\/vc_column_text][\/vc_column][\/vc_row][vc_row full_width=&#8221;stretch_row&#8221; css=&#8221;.vc_custom_1602256744847{background-color: #ffffff !important;}&#8221;][vc_column offset=&#8221;vc_hidden-md vc_hidden-sm vc_hidden-xs&#8221;][vc_single_image image=&#8221;3030&#8243; img_size=&#8221;full&#8221; alignment=&#8221;center&#8221;][\/vc_column][\/vc_row][vc_row full_width=&#8221;stretch_row&#8221; css=&#8221;.vc_custom_1602256744847{background-color: #ffffff !important;}&#8221;][vc_column width=&#8221;1\/2&#8243; offset=&#8221;vc_hidden-md vc_hidden-sm vc_hidden-xs&#8221;][vc_single_image image=&#8221;3042&#8243; img_size=&#8221;full&#8221;][\/vc_column][vc_column width=&#8221;1\/2&#8243; css=&#8221;.vc_custom_1603364846212{margin-top: 200px !important;margin-left: 100px !important;}&#8221; offset=&#8221;vc_hidden-md vc_hidden-sm vc_hidden-xs&#8221;][vc_column_text]<\/p>\n<h4>KERETEZ\u00c9S<\/h4>\n<ul>\n<li style=\"font-weight: 400;\">\u00a0v\u00e9kony-perem\u0171 fa profil k\u00e9pkeret<\/li>\n<\/ul>\n<p>[\/vc_column_text][\/vc_column][\/vc_row][vc_row full_width=&#8221;stretch_row&#8221; css=&#8221;.vc_custom_1602256744847{background-color: #ffffff !important;}&#8221;][vc_column width=&#8221;1\/2&#8243; offset=&#8221;vc_hidden-lg&#8221; uniqid=&#8221;608acff0bfb20&#8243;][vc_single_image image=&#8221;3042&#8243; img_size=&#8221;full&#8221;][\/vc_column][vc_column width=&#8221;1\/2&#8243; offset=&#8221;vc_hidden-lg&#8221; uniqid=&#8221;608acffb6c743&#8243;][vc_column_text]<\/p>\n<h4>KERETEZ\u00c9S<\/h4>\n<ul>\n<li style=\"font-weight: 400;\">\u00a0v\u00e9kony-perem\u0171 fa profil k\u00e9pkeret<\/li>\n<\/ul>\n<p>[\/vc_column_text][\/vc_column][\/vc_row][vc_row full_width=&#8221;stretch_row&#8221; css=&#8221;.vc_custom_1602256744847{background-color: #ffffff !important;}&#8221;][vc_column offset=&#8221;vc_hidden-md vc_hidden-sm vc_hidden-xs&#8221;][vc_column_text]<\/p>\n<h6><span style=\"color: #808080;\"><em><span style=\"color: #999999;\">NYOMTAT\u00c1SI OPCI\u00d3<\/span><\/em><\/span><\/h6>\n<h5><strong>BARIT pap\u00edr &amp; PlexiGlass\u00ae<\/strong><\/h5>\n<p><em>Technol\u00f3gia<\/em><\/p>\n<p><span style=\"font-weight: 400;\">Az \u00faj modern technik\u00e1nknak k\u00f6sz\u00f6nhet\u0151en lev\u00e1ltottuk a C-printet, helyette barit pap\u00edrra k\u00e9sz\u00fclt m\u00fazeumi min\u0151s\u00e9g\u0171 arch\u00edv nyomatot alkalmazunk. A nyomat szemb\u0151l a plexilapra ragaszt\u00e1s\u00e1t a leg\u00fajabb fejleszt\u00e9s\u0171 krist\u00e1lytiszta foly\u00e9kony polimer ragaszt\u00f3val v\u00e9gezz\u00fck. A polimer ragaszt\u00f3 \u00f6r\u00f6kre rugalmas marad, bubor\u00e9k n\u00e9lk\u00fcl k\u00f6t, nem s\u00e1rgul \u00e9s k\u00f6rnyezetbar\u00e1t anyag, nincs benne old\u00f3szer, vagy m\u00e1s eg\u00e9szs\u00e9gre k\u00e1ros \u00f6sszetev\u0151. A plexilap kisz\u0171ri a k\u00e1ros UV sug\u00e1rz\u00e1s 98%-\u00e1t. A k\u00e9pet h\u00e1tulr\u00f3l Dibond alum\u00ednium szendvicslemezzel z\u00e1rjuk le, egy rejtett alum\u00ednium akaszt\u00f3keretet szerel\u00fcnk r\u00e1, ami eltartja a falt\u00f3l, ez\u00e9rt \u00fagy l\u00e1tszik, mintha a k\u00e9p lebegne a fal el\u0151tt. Az alkot\u00e1s karcmentes PlexiGlass\u00ae bevonattal k\u00e9sz\u00fcl.<\/span>[\/vc_column_text][\/vc_column][\/vc_row][vc_row full_width=&#8221;stretch_row&#8221; css=&#8221;.vc_custom_1602256744847{background-color: #ffffff !important;}&#8221;][vc_column offset=&#8221;vc_hidden-md vc_hidden-sm vc_hidden-xs&#8221;][vc_single_image image=&#8221;3036&#8243; img_size=&#8221;full&#8221;][\/vc_column][\/vc_row][vc_row full_width=&#8221;stretch_row&#8221; css=&#8221;.vc_custom_1602256744847{background-color: #ffffff !important;}&#8221;][vc_column width=&#8221;1\/2&#8243; offset=&#8221;vc_hidden-md vc_hidden-sm vc_hidden-xs&#8221;][vc_single_image image=&#8221;3034&#8243; img_size=&#8221;full&#8221;][\/vc_column][vc_column width=&#8221;1\/2&#8243; css=&#8221;.vc_custom_1603364846212{margin-top: 200px !important;margin-left: 100px !important;}&#8221; offset=&#8221;vc_hidden-md vc_hidden-sm vc_hidden-xs&#8221;][vc_column_text]<\/p>\n<h4>Dibond\u00ae lemez<\/h4>\n<p><span style=\"font-weight: 400;\">Az alu-szendvicslemez a t\u00f6k\u00e9letes megold\u00e1s arch\u00edv min\u0151s\u00e9g\u0171 keret n\u00e9lk\u00fcli k\u00e9pekhez, illetve a nagy m\u00e9ret\u0171 kas\u00edroz\u00e1shoz. Az anyaga k\u00f6z\u00e9pen egy fekete m\u0171anyag r\u00e9teg (mag), melyet k\u00e9t v\u00e9kony alum\u00ednium r\u00e9teg bor\u00edt. A Dibond a legjobb arch\u00edv kas\u00edroz\u00e1si alapanyag \u00e9s az egyed\u00fcli lehet\u0151s\u00e9g, ha k\u00fcl\u00f6n\u00f6sen nagy m\u00e9ret\u0171 k\u00e9pet k\u00e9sz\u00edt\u00fcnk, vagy strapab\u00edr\u00f3 k\u00e9pekre van sz\u00fcks\u00e9g pl. v\u00e1ndorki\u00e1ll\u00edt\u00e1sokhoz.<\/span><\/p>\n<ul>\n<li style=\"font-weight: 400;\">Vastags\u00e1g: 3mm<\/li>\n<\/ul>\n<p>[\/vc_column_text][\/vc_column][\/vc_row][vc_row full_width=&#8221;stretch_row&#8221; css=&#8221;.vc_custom_1602256744847{background-color: #ffffff !important;}&#8221;][vc_column width=&#8221;1\/2&#8243; offset=&#8221;vc_hidden-lg&#8221; uniqid=&#8221;608ad00bfac70&#8243;][vc_single_image image=&#8221;3034&#8243; img_size=&#8221;full&#8221;][\/vc_column][vc_column width=&#8221;1\/2&#8243; offset=&#8221;vc_hidden-lg&#8221; uniqid=&#8221;608ad0168aee6&#8243;][vc_column_text]<\/p>\n<h4>Dibond\u00ae lemez<\/h4>\n<p><span style=\"font-weight: 400;\">Az alu-szendvicslemez a t\u00f6k\u00e9letes megold\u00e1s arch\u00edv min\u0151s\u00e9g\u0171 keret n\u00e9lk\u00fcli k\u00e9pekhez, illetve a nagy m\u00e9ret\u0171 kas\u00edroz\u00e1shoz. Az anyaga k\u00f6z\u00e9pen egy fekete m\u0171anyag r\u00e9teg (mag), melyet k\u00e9t v\u00e9kony alum\u00ednium r\u00e9teg bor\u00edt. A Dibond a legjobb arch\u00edv kas\u00edroz\u00e1si alapanyag \u00e9s az egyed\u00fcli lehet\u0151s\u00e9g, ha k\u00fcl\u00f6n\u00f6sen nagy m\u00e9ret\u0171 k\u00e9pet k\u00e9sz\u00edt\u00fcnk, vagy strapab\u00edr\u00f3 k\u00e9pekre van sz\u00fcks\u00e9g pl. v\u00e1ndorki\u00e1ll\u00edt\u00e1sokhoz.<\/span><\/p>\n<ul>\n<li style=\"font-weight: 400;\">Vastags\u00e1g: 3mm<\/li>\n<\/ul>\n<p>[\/vc_column_text][\/vc_column][\/vc_row][vc_row full_width=&#8221;stretch_row&#8221; css=&#8221;.vc_custom_1602256744847{background-color: #ffffff !important;}&#8221;][vc_column width=&#8221;1\/2&#8243; css=&#8221;.vc_custom_1603364846212{margin-top: 200px !important;margin-left: 100px !important;}&#8221; offset=&#8221;vc_hidden-md vc_hidden-sm vc_hidden-xs&#8221;][vc_column_text]<\/p>\n<h4>FRAMING<\/h4>\n<ul>\n<li style=\"font-weight: 400;\"><span style=\"font-weight: 400;\">alum\u00ednium akaszt\u00f3keret<\/span><\/li>\n<\/ul>\n<p>[\/vc_column_text][\/vc_column][vc_column width=&#8221;1\/2&#8243; offset=&#8221;vc_hidden-md vc_hidden-sm vc_hidden-xs&#8221;][vc_single_image image=&#8221;3028&#8243; img_size=&#8221;full&#8221;][\/vc_column][\/vc_row][vc_row full_width=&#8221;stretch_row&#8221; css=&#8221;.vc_custom_1602256744847{background-color: #ffffff !important;}&#8221;][vc_column width=&#8221;1\/2&#8243; offset=&#8221;vc_hidden-lg&#8221; uniqid=&#8221;608ad026c1b44&#8243;][vc_column_text]<\/p>\n<h4>FRAMING<\/h4>\n<ul>\n<li style=\"font-weight: 400;\"><span style=\"font-weight: 400;\">alum\u00ednium akaszt\u00f3keret<\/span><\/li>\n<\/ul>\n<p>[\/vc_column_text][\/vc_column][vc_column width=&#8221;1\/2&#8243; offset=&#8221;vc_hidden-lg&#8221; uniqid=&#8221;608ad03324dbf&#8221;][vc_single_image image=&#8221;3028&#8243; img_size=&#8221;full&#8221;][\/vc_column][\/vc_row][vc_row full_width=&#8221;stretch_row_content&#8221; css=&#8221;.vc_custom_1603353462961{background-color: #ffffff !important;}&#8221; uniqid=&#8221;5f913b5801294&#8243;][vc_column offset=&#8221;vc_hidden-md vc_hidden-sm vc_hidden-xs&#8221; uniqid=&#8221;608ad073cd1aa&#8221;][vc_empty_space height=&#8221;300px&#8221;][\/vc_column][\/vc_row]<\/p>\n<\/div>","protected":false},"excerpt":{"rendered":"<p>[vc_row css=&#8221;.vc_custom_1602601708450{padding-top: 0px !important;background-color: #fff !important;}&#8221; uniqid=&#8221;5f807e74e89e4&#8243;][vc_column css=&#8221;.vc_custom_1602601698179{padding-top: 0px !important;}&#8221; uniqid=&#8221;5f85c2da198bb&#8221;][vc_column_text] A kivitelez\u00e9s m\u0171v\u00e9szete A leny\u0171g\u00f6z\u0151 k\u00e9p\u00e9lm\u00e9ny titka a magas min\u0151s\u00e9g\u0171 kivitelez\u00e9s.\u00a0 A m\u0171v\u00e9szi nyomat rendk\u00edv\u00fcl tart\u00f3s \u00e9lettartam\u00fa barit pap\u00edrra, a vil\u00e1g egyik leg\u00fajabb technol\u00f3gi\u00e1j\u00e1val k\u00e9sz\u00fcl. A nyomtat\u00e1s a Pigmenta Art Print Lab 30 \u00e9ves szakmai tapasztalata alapj\u00e1n val\u00f3sul meg.\u00a0[\/vc_column_text][vc_empty_space height=&#8221;20px&#8221;][\/vc_column][\/vc_row][vc_row full_width=&#8221;stretch_row&#8221; css=&#8221;.vc_custom_1602256744847{background-color: #ffffff !important;}&#8221;][vc_column [&hellip;]<\/p>\n","protected":false},"author":1,"featured_media":0,"parent":0,"menu_order":0,"comment_status":"closed","ping_status":"closed","template":"","meta":{"_acf_changed":false,"footnotes":""},"class_list":["post-3023","page","type-page","status-publish","hentry"],"acf":[],"_links":{"self":[{"href":"https:\/\/lantal.studio\/hu\/wp-json\/wp\/v2\/pages\/3023","targetHints":{"allow":["GET"]}}],"collection":[{"href":"https:\/\/lantal.studio\/hu\/wp-json\/wp\/v2\/pages"}],"about":[{"href":"https:\/\/lantal.studio\/hu\/wp-json\/wp\/v2\/types\/page"}],"author":[{"embeddable":true,"href":"https:\/\/lantal.studio\/hu\/wp-json\/wp\/v2\/users\/1"}],"replies":[{"embeddable":true,"href":"https:\/\/lantal.studio\/hu\/wp-json\/wp\/v2\/comments?post=3023"}],"version-history":[{"count":22,"href":"https:\/\/lantal.studio\/hu\/wp-json\/wp\/v2\/pages\/3023\/revisions"}],"predecessor-version":[{"id":3259,"href":"https:\/\/lantal.studio\/hu\/wp-json\/wp\/v2\/pages\/3023\/revisions\/3259"}],"wp:attachment":[{"href":"https:\/\/lantal.studio\/hu\/wp-json\/wp\/v2\/media?parent=3023"}],"curies":[{"name":"wp","href":"https:\/\/api.w.org\/{rel}","templated":true}]}}